{"id":268015,"date":"2023-11-29T17:16:44","date_gmt":"2023-11-29T20:16:44","guid":{"rendered":"https:\/\/www.livrariarema.com.br\/loja\/produtos\/sem categoria\/serie-herois-cristaos-ontem-e-hoje-vol-12-david-livingstone-janet-benge-e-geoff-benge\/"},"modified":"2026-03-04T12:38:56","modified_gmt":"2026-03-04T15:38:56","slug":"serie-herois-cristaos-ontem-e-hoje-vol-12-david-livingstone-janet-benge-e-geoff-benge","status":"publish","type":"product","link":"https:\/\/www.livrariarema.com.br\/loja\/produtos\/livros\/biografia\/serie-herois-cristaos-ontem-e-hoje-vol-12-david-livingstone-janet-benge-e-geoff-benge\/","title":{"rendered":"S\u00e9rie Her\u00f3is Crist\u00e3os Ontem E Hoje &#8211; Vol. 12 &#8211; David Livingstone &#8211; Janet Benge E Geoff Benge"},"content":{"rendered":"<p>Com o cora\u00e7\u00e3o de um explorador e a paix\u00e3o de um evangelista, David Livingstone mapeou vastas \u00e1reas inexploradas da \u00c1frica, compartilhando o evangelho com todos os que ele encontrava. Sua resist\u00eancia, perseveran\u00e7a e determina\u00e7\u00e3o inabal\u00e1vel criaram o legado de um explorador pioneiro com uma fome inextingu\u00edvel de fazer Cristo conhecido onde quer que seus passos o levassem.<\/p>\n<p>As aventuras cativantes e o zelo incans\u00e1vel de David Livingstone continuam a inspirar incont\u00e1veis homens e mulheres a levar a mensagem do evangelho do amor de Deus \u00e0quelas almas que nunca a ouviram (1813-1873).<\/p>\n","protected":false},"excerpt":{"rendered":"<p>Com o cora\u00e7\u00e3o de um explorador e a paix\u00e3o de um evangelista, David Livingstone mapeou vastas \u00e1reas inexploradas da \u00c1frica,&hellip;<\/p>\n","protected":false},"featured_media":345842,"comment_status":"open","ping_status":"closed","template":"","meta":[],"product_cat":[181,134],"product_tag":[],"_links":{"self":[{"href":"https:\/\/www.livrariarema.com.br\/loja\/wp-json\/wp\/v2\/product\/268015"}],"collection":[{"href":"https:\/\/www.livrariarema.com.br\/loja\/wp-json\/wp\/v2\/product"}],"about":[{"href":"https:\/\/www.livrariarema.com.br\/loja\/wp-json\/wp\/v2\/types\/product"}],"replies":[{"embeddable":true,"href":"https:\/\/www.livrariarema.com.br\/loja\/wp-json\/wp\/v2\/comments?post=268015"}],"wp:featuredmedia":[{"embeddable":true,"href":"https:\/\/www.livrariarema.com.br\/loja\/wp-json\/wp\/v2\/media\/345842"}],"wp:attachment":[{"href":"https:\/\/www.livrariarema.com.br\/loja\/wp-json\/wp\/v2\/media?parent=268015"}],"wp:term":[{"taxonomy":"product_cat","embeddable":true,"href":"https:\/\/www.livrariarema.com.br\/loja\/wp-json\/wp\/v2\/product_cat?post=268015"},{"taxonomy":"product_tag","embeddable":true,"href":"https:\/\/www.livrariarema.com.br\/loja\/wp-json\/wp\/v2\/product_tag?post=268015"}],"curies":[{"name":"wp","href":"https:\/\/api.w.org\/{rel}","templated":true}]}}