{"id":270476,"date":"2023-12-08T10:21:35","date_gmt":"2023-12-08T13:21:35","guid":{"rendered":"https:\/\/www.livrariarema.com.br\/loja\/produtos\/sem categoria\/biblia-em-acao-para-todas-as-horas\/"},"modified":"2026-02-19T16:45:32","modified_gmt":"2026-02-19T19:45:32","slug":"biblia-em-acao-para-todas-as-horas","status":"publish","type":"product","link":"https:\/\/www.livrariarema.com.br\/loja\/produtos\/livros\/infantil\/biblia-em-acao-para-todas-as-horas\/","title":{"rendered":"B\u00edblia Em A\u00e7\u00e3o Para Todas As Horas"},"content":{"rendered":"<p>Este texto destaca as ilustra\u00e7\u00f5es da B\u00edblia em a\u00e7\u00e3o para todas as horas, que envolvem as crian\u00e7as em cenas v\u00edvidas de hist\u00f3rias b\u00edblicas. Al\u00e9m disso, os devocionais abordam quest\u00f5es do mundo real enfrentadas pelas fam\u00edlias, proporcionando oportunidades para as crian\u00e7as aprenderem a Palavra de Deus, aplic\u00e1-la em suas vidas, serem edificadas pelas hist\u00f3rias b\u00edblicas, refletirem sobre o aprendizado, orarem com guias pr\u00e1ticos, compartilharem as hist\u00f3rias com outros e aprofundarem seu conhecimento por meio da leitura da Palavra de Deus.<\/p>\n","protected":false},"excerpt":{"rendered":"<p>Este texto destaca as ilustra\u00e7\u00f5es da B\u00edblia em a\u00e7\u00e3o para todas as horas, que envolvem as crian\u00e7as em cenas v\u00edvidas&hellip;<\/p>\n","protected":false},"featured_media":326036,"comment_status":"open","ping_status":"closed","template":"","meta":[],"product_cat":[144,134],"product_tag":[],"_links":{"self":[{"href":"https:\/\/www.livrariarema.com.br\/loja\/wp-json\/wp\/v2\/product\/270476"}],"collection":[{"href":"https:\/\/www.livrariarema.com.br\/loja\/wp-json\/wp\/v2\/product"}],"about":[{"href":"https:\/\/www.livrariarema.com.br\/loja\/wp-json\/wp\/v2\/types\/product"}],"replies":[{"embeddable":true,"href":"https:\/\/www.livrariarema.com.br\/loja\/wp-json\/wp\/v2\/comments?post=270476"}],"wp:featuredmedia":[{"embeddable":true,"href":"https:\/\/www.livrariarema.com.br\/loja\/wp-json\/wp\/v2\/media\/326036"}],"wp:attachment":[{"href":"https:\/\/www.livrariarema.com.br\/loja\/wp-json\/wp\/v2\/media?parent=270476"}],"wp:term":[{"taxonomy":"product_cat","embeddable":true,"href":"https:\/\/www.livrariarema.com.br\/loja\/wp-json\/wp\/v2\/product_cat?post=270476"},{"taxonomy":"product_tag","embeddable":true,"href":"https:\/\/www.livrariarema.com.br\/loja\/wp-json\/wp\/v2\/product_tag?post=270476"}],"curies":[{"name":"wp","href":"https:\/\/api.w.org\/{rel}","templated":true}]}}