{"id":270479,"date":"2023-12-08T10:21:46","date_gmt":"2023-12-08T13:21:46","guid":{"rendered":"https:\/\/www.livrariarema.com.br\/loja\/produtos\/sem categoria\/biblia-do-homem-luxo-preta-nvi\/"},"modified":"2026-01-09T13:50:34","modified_gmt":"2026-01-09T16:50:34","slug":"biblia-do-homem-luxo-preta-nvi","status":"publish","type":"product","link":"https:\/\/www.livrariarema.com.br\/loja\/produtos\/biblias\/estudo\/biblia-do-homem-luxo-preta-nvi\/","title":{"rendered":"B\u00edblia Do Homem &#8211; Luxo &#8211; Preta &#8211; Nvi"},"content":{"rendered":"<p>Esta B\u00edblia mostra os perfis dos personagens que sintetizam os tra\u00e7os, os valores, as tenta\u00e7\u00f5es, as lutas e as quest\u00f5es dos homens \u00edntegros. Com ela, o homem ir\u00e1 descobrir que a verdadeira conquista est\u00e1 na comunh\u00e3o perfeita com Deus e no relacionamento saud\u00e1vel com a fam\u00edlia.<\/p>\n","protected":false},"excerpt":{"rendered":"<p>Esta B\u00edblia mostra os perfis dos personagens que sintetizam os tra\u00e7os, os valores, as tenta\u00e7\u00f5es, as lutas e as quest\u00f5es&hellip;<\/p>\n","protected":false},"featured_media":340770,"comment_status":"open","ping_status":"closed","template":"","meta":[],"product_cat":[139,140],"product_tag":[],"_links":{"self":[{"href":"https:\/\/www.livrariarema.com.br\/loja\/wp-json\/wp\/v2\/product\/270479"}],"collection":[{"href":"https:\/\/www.livrariarema.com.br\/loja\/wp-json\/wp\/v2\/product"}],"about":[{"href":"https:\/\/www.livrariarema.com.br\/loja\/wp-json\/wp\/v2\/types\/product"}],"replies":[{"embeddable":true,"href":"https:\/\/www.livrariarema.com.br\/loja\/wp-json\/wp\/v2\/comments?post=270479"}],"wp:featuredmedia":[{"embeddable":true,"href":"https:\/\/www.livrariarema.com.br\/loja\/wp-json\/wp\/v2\/media\/340770"}],"wp:attachment":[{"href":"https:\/\/www.livrariarema.com.br\/loja\/wp-json\/wp\/v2\/media?parent=270479"}],"wp:term":[{"taxonomy":"product_cat","embeddable":true,"href":"https:\/\/www.livrariarema.com.br\/loja\/wp-json\/wp\/v2\/product_cat?post=270479"},{"taxonomy":"product_tag","embeddable":true,"href":"https:\/\/www.livrariarema.com.br\/loja\/wp-json\/wp\/v2\/product_tag?post=270479"}],"curies":[{"name":"wp","href":"https:\/\/api.w.org\/{rel}","templated":true}]}}