{"id":270487,"date":"2023-12-08T10:22:16","date_gmt":"2023-12-08T13:22:16","guid":{"rendered":"https:\/\/www.livrariarema.com.br\/loja\/produtos\/sem categoria\/biblia-nvt-letra-gigante-luxo-preta\/"},"modified":"2026-02-28T09:40:31","modified_gmt":"2026-02-28T12:40:31","slug":"biblia-nvt-letra-gigante-luxo-preta","status":"publish","type":"product","link":"https:\/\/www.livrariarema.com.br\/loja\/produtos\/biblias\/nvt\/biblia-nvt-letra-gigante-luxo-preta\/","title":{"rendered":"B\u00edblia &#8211; Nvt &#8211; Letra Gigante &#8211; Luxo &#8211; Preta"},"content":{"rendered":"<p>Para tornar a experi\u00eancia de mergulhar na B\u00edblia Sagrada ainda mais emocionante, a Nova Vers\u00e3o Transformadora (NVT) chega com todo o glamour: letras gigantes e um acabamento de luxo que \u00e9 puro deleite para os olhos.<\/p>\n<p>Imagine-se explorando os ensinamentos divinos com uma linguagem t\u00e3o envolvente que os mist\u00e9rios da Palavra de Deus se revelam com clareza. A NVT traz uma abordagem revigorante aos vers\u00edculos, traduzida por uma equipe de especialistas que dominam os idiomas originais hebraico, aramaico e grego.<\/p>\n<p>Esta B\u00edblia n\u00e3o \u00e9 apenas uma tradu\u00e7\u00e3o, \u00e9 uma jornada contempor\u00e2nea pela linguagem portuguesa, f\u00e1cil de compreender e irresistivelmente cativante. Entre os crist\u00e3os, a NVT \u00e9 uma refer\u00eancia, um farol que ilumina os momentos de leitura e estudo da Palavra.<\/p>\n<p>Com ela, absorvemos os ensinamentos de Deus com uma sabedoria renovada, tornando-nos mais s\u00e1bios e prudentes, guiando-nos com seguran\u00e7a atrav\u00e9s dos desafios que cruzam nosso caminho. Prepare-se para uma leitura que vai al\u00e9m das palavras, uma experi\u00eancia que transcende as p\u00e1ginas.<\/p>\n","protected":false},"excerpt":{"rendered":"<p>Para tornar a experi\u00eancia de mergulhar na B\u00edblia Sagrada ainda mais emocionante, a Nova Vers\u00e3o Transformadora (NVT) chega com todo&hellip;<\/p>\n","protected":false},"featured_media":340772,"comment_status":"open","ping_status":"closed","template":"","meta":[],"product_cat":[139,225],"product_tag":[],"_links":{"self":[{"href":"https:\/\/www.livrariarema.com.br\/loja\/wp-json\/wp\/v2\/product\/270487"}],"collection":[{"href":"https:\/\/www.livrariarema.com.br\/loja\/wp-json\/wp\/v2\/product"}],"about":[{"href":"https:\/\/www.livrariarema.com.br\/loja\/wp-json\/wp\/v2\/types\/product"}],"replies":[{"embeddable":true,"href":"https:\/\/www.livrariarema.com.br\/loja\/wp-json\/wp\/v2\/comments?post=270487"}],"wp:featuredmedia":[{"embeddable":true,"href":"https:\/\/www.livrariarema.com.br\/loja\/wp-json\/wp\/v2\/media\/340772"}],"wp:attachment":[{"href":"https:\/\/www.livrariarema.com.br\/loja\/wp-json\/wp\/v2\/media?parent=270487"}],"wp:term":[{"taxonomy":"product_cat","embeddable":true,"href":"https:\/\/www.livrariarema.com.br\/loja\/wp-json\/wp\/v2\/product_cat?post=270487"},{"taxonomy":"product_tag","embeddable":true,"href":"https:\/\/www.livrariarema.com.br\/loja\/wp-json\/wp\/v2\/product_tag?post=270487"}],"curies":[{"name":"wp","href":"https:\/\/api.w.org\/{rel}","templated":true}]}}