{"id":270978,"date":"2023-12-09T11:39:35","date_gmt":"2023-12-09T14:39:35","guid":{"rendered":"https:\/\/www.livrariarema.com.br\/loja\/produtos\/sem%20categoria\/maior-presente-de-todos-o-10-sermoes-sobre-a-salvacao-charles-haddon-spurgeon\/"},"modified":"2026-03-13T17:02:00","modified_gmt":"2026-03-13T20:02:00","slug":"maior-presente-de-todos-o-10-sermoes-sobre-a-salvacao-charles-haddon-spurgeon","status":"publish","type":"product","link":"https:\/\/www.livrariarema.com.br\/loja\/produtos\/livros\/sermoes-esbocos\/maior-presente-de-todos-o-10-sermoes-sobre-a-salvacao-charles-haddon-spurgeon\/","title":{"rendered":"Maior Presente De Todos, O &#8211; 10 Serm\u00f5es Sobre A Salva\u00e7\u00e3o &#8211; Charles Haddon Spurgeon"},"content":{"rendered":"<p>Charles Spurgeon, considerado &#8220;o pr\u00edncipe dos pregadores&#8221;, guia-nos neste livro por uma jornada profunda e comovente rumo \u00e0 ess\u00eancia da salva\u00e7\u00e3o. Com sua eloqu\u00eancia caracter\u00edstica e seu profundo entendimento das Escrituras, ele compartilha conosco uma s\u00e9rie de dez serm\u00f5es que exploram a magnific\u00eancia e a maravilha da salva\u00e7\u00e3o oferecida por Deus atrav\u00e9s de seu amor incondicional e de sua gra\u00e7a redentora.<\/p>\n<p>Cada serm\u00e3o presente nesta obra \u00e9 uma p\u00e9rola de sabedoria e compreens\u00e3o, apresentando o evangelho de forma clara, compassiva e persuasiva. Spurgeon explora a natureza da salva\u00e7\u00e3o, a profundidade do sacrif\u00edcio de Cristo e o impacto transformador que essa gra\u00e7a divina pode ter em nossa vida. Ele nos conduz a uma jornada espiritual que toca o cora\u00e7\u00e3o e desperta a reflex\u00e3o sobre a nossa rela\u00e7\u00e3o com Deus e com o pr\u00f3ximo.<\/p>\n<p>O maior presente de todos \u00e9 um convite para uma experi\u00eancia pessoal e profunda com a mensagem redentora de Cristo. Cada serm\u00e3o \u00e9 um lembrete poderoso de que a salva\u00e7\u00e3o \u00e9 o presente mais valioso que podemos receber, uma d\u00e1diva do amor incondicional de Deus que transcende todas as dificuldades e os desafios da vida.<\/p>\n<p>Se voc\u00ea busca entendimento mais profundo sobre a salva\u00e7\u00e3o, deseja renovar sua f\u00e9 ou simplesmente almeja uma leitura que toque seu cora\u00e7\u00e3o e sua alma, O maior presente de todos: 10 serm\u00f5es sobre a salva\u00e7\u00e3o \u00e9 uma escolha indispens\u00e1vel. Deixe-se guiar pelas palavras impactantes de Spurgeon e descubra, por meio desses serm\u00f5es atemporais, a verdadeira ess\u00eancia do maior presente que Deus nos oferece em Cristo.<\/p>\n","protected":false},"excerpt":{"rendered":"<p>Charles Spurgeon, considerado &#8220;o pr\u00edncipe dos pregadores&#8221;, guia-nos neste livro por uma jornada profunda e comovente rumo \u00e0 ess\u00eancia da&hellip;<\/p>\n","protected":false},"featured_media":346161,"comment_status":"open","ping_status":"closed","template":"","meta":[],"product_cat":[134,195],"product_tag":[],"_links":{"self":[{"href":"https:\/\/www.livrariarema.com.br\/loja\/wp-json\/wp\/v2\/product\/270978"}],"collection":[{"href":"https:\/\/www.livrariarema.com.br\/loja\/wp-json\/wp\/v2\/product"}],"about":[{"href":"https:\/\/www.livrariarema.com.br\/loja\/wp-json\/wp\/v2\/types\/product"}],"replies":[{"embeddable":true,"href":"https:\/\/www.livrariarema.com.br\/loja\/wp-json\/wp\/v2\/comments?post=270978"}],"wp:featuredmedia":[{"embeddable":true,"href":"https:\/\/www.livrariarema.com.br\/loja\/wp-json\/wp\/v2\/media\/346161"}],"wp:attachment":[{"href":"https:\/\/www.livrariarema.com.br\/loja\/wp-json\/wp\/v2\/media?parent=270978"}],"wp:term":[{"taxonomy":"product_cat","embeddable":true,"href":"https:\/\/www.livrariarema.com.br\/loja\/wp-json\/wp\/v2\/product_cat?post=270978"},{"taxonomy":"product_tag","embeddable":true,"href":"https:\/\/www.livrariarema.com.br\/loja\/wp-json\/wp\/v2\/product_tag?post=270978"}],"curies":[{"name":"wp","href":"https:\/\/api.w.org\/{rel}","templated":true}]}}