{"id":272203,"date":"2023-12-13T18:31:43","date_gmt":"2023-12-13T21:31:43","guid":{"rendered":"https:\/\/www.livrariarema.com.br\/loja\/produtos\/sem categoria\/a-missao-apostolica-da-igreja-fabio-coelho\/"},"modified":"2026-02-09T14:52:30","modified_gmt":"2026-02-09T17:52:30","slug":"a-missao-apostolica-da-igreja-fabio-coelho","status":"publish","type":"product","link":"https:\/\/www.livrariarema.com.br\/loja\/produtos\/livros\/igreja\/a-missao-apostolica-da-igreja-fabio-coelho\/","title":{"rendered":"A Miss\u00e3o Apost\u00f3lica Da Igreja &#8211; F\u00e1bio Coelho"},"content":{"rendered":"<p>Todos os santos participantes da fam\u00edlia de Deus foram inseridos na miss\u00e3o apost\u00f3lica da igreja. Ao ressuscitar, Jesus enviou o seu corpo \u00e0 todos as etnias da terra, para pregar o seu evangelho e fazer disc\u00edpulos de todas as na\u00e7\u00f5es. A igreja de Jesus \u00e9 essencialmente mission\u00e1ria, e n\u00e3o h\u00e1 crente em Cristo que esteja fora deste prop\u00f3sito. Estamos em miss\u00e3o porque o Filho nos enviou!<\/p>\n<p>A grande comiss\u00e3o se resume no envio dos disc\u00edpulos do reino, pelo pr\u00f3prio Rei, para uma tarefa espec\u00edfica: serem suas testemunhas at\u00e9 os confins do planeta Terra. Este \u00e9 um envio alicer\u00e7ado na autoridade do Filho do Homem, o Deus e Rei.<\/p>\n<p>Nossa miss\u00e3o como igreja come\u00e7ou em Jerusal\u00e9m, no dia de Pentecostes, quando o Esp\u00edrito foi derramado, e vai durar at\u00e9 o fim desta era, quando o nome do Senhor for conhecido e adorado em todos os povos. Isto \u00e9, quando Jesus voltar para esse mundo e estabelecer o seu reino eterno sobre as na\u00e7\u00f5es da terra.<\/p>\n","protected":false},"excerpt":{"rendered":"<p>Todos os santos participantes da fam\u00edlia de Deus foram inseridos na miss\u00e3o apost\u00f3lica da igreja. Ao ressuscitar, Jesus enviou o&hellip;<\/p>\n","protected":false},"featured_media":290671,"comment_status":"open","ping_status":"closed","template":"","meta":[],"product_cat":[197,134],"product_tag":[],"_links":{"self":[{"href":"https:\/\/www.livrariarema.com.br\/loja\/wp-json\/wp\/v2\/product\/272203"}],"collection":[{"href":"https:\/\/www.livrariarema.com.br\/loja\/wp-json\/wp\/v2\/product"}],"about":[{"href":"https:\/\/www.livrariarema.com.br\/loja\/wp-json\/wp\/v2\/types\/product"}],"replies":[{"embeddable":true,"href":"https:\/\/www.livrariarema.com.br\/loja\/wp-json\/wp\/v2\/comments?post=272203"}],"wp:featuredmedia":[{"embeddable":true,"href":"https:\/\/www.livrariarema.com.br\/loja\/wp-json\/wp\/v2\/media\/290671"}],"wp:attachment":[{"href":"https:\/\/www.livrariarema.com.br\/loja\/wp-json\/wp\/v2\/media?parent=272203"}],"wp:term":[{"taxonomy":"product_cat","embeddable":true,"href":"https:\/\/www.livrariarema.com.br\/loja\/wp-json\/wp\/v2\/product_cat?post=272203"},{"taxonomy":"product_tag","embeddable":true,"href":"https:\/\/www.livrariarema.com.br\/loja\/wp-json\/wp\/v2\/product_tag?post=272203"}],"curies":[{"name":"wp","href":"https:\/\/api.w.org\/{rel}","templated":true}]}}