{"id":272226,"date":"2023-12-13T18:34:15","date_gmt":"2023-12-13T21:34:15","guid":{"rendered":"https:\/\/www.livrariarema.com.br\/loja\/produtos\/sem%20categoria\/nao-apagueis-o-espirito-fabio-coelho\/"},"modified":"2026-03-26T16:30:38","modified_gmt":"2026-03-26T19:30:38","slug":"nao-apagueis-o-espirito-fabio-coelho","status":"publish","type":"product","link":"https:\/\/www.livrariarema.com.br\/loja\/produtos\/livros\/crescimento-espiritual\/nao-apagueis-o-espirito-fabio-coelho\/","title":{"rendered":"N\u00e3o Apagueis O Esp\u00edrito &#8211; F\u00e1bio Coelho"},"content":{"rendered":"<p>&#8220;N\u00e3o apagueis o Esp\u00edrito. N\u00e3o tratem com desprezo as profecias&#8221;<Br><br \/>\n&#8211; 1 Ts 5.19,20<Br><br \/>\n <Br><br \/>\nDe acordo com o ap\u00f3stolo Paulo, devemos buscar principalmente o dom de profetizar (1 Co 14) e ao investigar as Escrituras, conseguimos compreender o porqu\u00ea desta orienta\u00e7\u00e3o. O servi\u00e7o prof\u00e9tico deve estar intimamente ligado com a revela\u00e7\u00e3o de quem Deus \u00e9, e com o que Ele est\u00e1 realizando em todo o tempo. Como Igreja, precisamos que a profecia esteja presente em nosso meio a fim de n\u00e3o apagar o Esp\u00edrito.<br \/>\n<Br><Br><br \/>\nNeste livro, F\u00e1bio Coelho fala sobre a import\u00e2ncia do dom de profecia na vida crist\u00e3 e na igreja, al\u00e9m de trazer ensinos pr\u00e1ticos, que ajudar\u00e3o aqueles que querem crescer no servi\u00e7o da profecia de maneira s\u00e1bia, madura e b\u00edblica.<Br><\/p>\n","protected":false},"excerpt":{"rendered":"<p>&#8220;N\u00e3o apagueis o Esp\u00edrito. N\u00e3o tratem com desprezo as profecias&#8221; &#8211; 1 Ts 5.19,20 De acordo com o ap\u00f3stolo Paulo,&hellip;<\/p>\n","protected":false},"featured_media":305252,"comment_status":"open","ping_status":"closed","template":"","meta":[],"product_cat":[147,134],"product_tag":[],"_links":{"self":[{"href":"https:\/\/www.livrariarema.com.br\/loja\/wp-json\/wp\/v2\/product\/272226"}],"collection":[{"href":"https:\/\/www.livrariarema.com.br\/loja\/wp-json\/wp\/v2\/product"}],"about":[{"href":"https:\/\/www.livrariarema.com.br\/loja\/wp-json\/wp\/v2\/types\/product"}],"replies":[{"embeddable":true,"href":"https:\/\/www.livrariarema.com.br\/loja\/wp-json\/wp\/v2\/comments?post=272226"}],"wp:featuredmedia":[{"embeddable":true,"href":"https:\/\/www.livrariarema.com.br\/loja\/wp-json\/wp\/v2\/media\/305252"}],"wp:attachment":[{"href":"https:\/\/www.livrariarema.com.br\/loja\/wp-json\/wp\/v2\/media?parent=272226"}],"wp:term":[{"taxonomy":"product_cat","embeddable":true,"href":"https:\/\/www.livrariarema.com.br\/loja\/wp-json\/wp\/v2\/product_cat?post=272226"},{"taxonomy":"product_tag","embeddable":true,"href":"https:\/\/www.livrariarema.com.br\/loja\/wp-json\/wp\/v2\/product_tag?post=272226"}],"curies":[{"name":"wp","href":"https:\/\/api.w.org\/{rel}","templated":true}]}}