{"id":278589,"date":"2024-01-17T13:26:41","date_gmt":"2024-01-17T16:26:41","guid":{"rendered":"https:\/\/www.livrariarema.com.br\/loja\/produtos\/sem%20categoria\/inerrancia-das-escrituras-a-norman-geisler\/"},"modified":"2025-05-08T14:16:35","modified_gmt":"2025-05-08T17:16:35","slug":"inerrancia-das-escrituras-a-norman-geisler","status":"publish","type":"product","link":"https:\/\/www.livrariarema.com.br\/loja\/produtos\/livros\/teologia\/inerrancia-das-escrituras-a-norman-geisler\/","title":{"rendered":"Inerr\u00e2ncia Das Escrituras, A &#8211; Norman Geisler"},"content":{"rendered":"<p>DESDE CEDO NA HIST\u00d3RIA DA IGREJA, os te\u00f3logos assumiram a vis\u00e3o dos autores b\u00edblicos, bem como do pr\u00f3prio Jesus, de que as palavras da Escritura s\u00e3o verdadeiras e totalmente confi\u00e1veis. A doutrina da inerr\u00e2ncia, ensinada h\u00e1 s\u00e9culos, tem sido posta em risco nos \u00faltimos anos.Em nosso tempo, Norman L. Geisler foi o principal apologista crist\u00e3o e autor de in\u00fameros best-sellers, bem como um dos redatores originais da &#8220;Declara\u00e7\u00e3o de Chicago sobre a Inerr\u00e2ncia B\u00edblica&#8221;. Nesta obra, ele se junta ao coautor William C. Roach, e apresentam uma defesa da compreens\u00e3o tradicional da inerr\u00e2ncia para uma nova gera\u00e7\u00e3o de crist\u00e3os que t\u00eam sido confrontados com desafios \u00e0 natureza de Deus, \u00e0 verdade e \u00e0 linguagem da Escritura.<br \/>\n&#8220;Em mais uma gera\u00e7\u00e3o, a inerr\u00e2ncia da B\u00edblia est\u00e1 sendo questiona-da. Defender a Inerr\u00e2ncia \u00e9 um trabalho muito necess\u00e1rio e que iniciar\u00e1 uma conversa importante e oportuna. Este \u00e9 um livro que n\u00e3o pode, n\u00e3o deve e n\u00e3o ser\u00e1 ignorado.&#8221;<\/p>\n","protected":false},"excerpt":{"rendered":"<p>DESDE CEDO NA HIST\u00d3RIA DA IGREJA, os te\u00f3logos assumiram a vis\u00e3o dos autores b\u00edblicos, bem como do pr\u00f3prio Jesus, de&hellip;<\/p>\n","protected":false},"featured_media":330745,"comment_status":"open","ping_status":"closed","template":"","meta":[],"product_cat":[134,136],"product_tag":[],"_links":{"self":[{"href":"https:\/\/www.livrariarema.com.br\/loja\/wp-json\/wp\/v2\/product\/278589"}],"collection":[{"href":"https:\/\/www.livrariarema.com.br\/loja\/wp-json\/wp\/v2\/product"}],"about":[{"href":"https:\/\/www.livrariarema.com.br\/loja\/wp-json\/wp\/v2\/types\/product"}],"replies":[{"embeddable":true,"href":"https:\/\/www.livrariarema.com.br\/loja\/wp-json\/wp\/v2\/comments?post=278589"}],"wp:featuredmedia":[{"embeddable":true,"href":"https:\/\/www.livrariarema.com.br\/loja\/wp-json\/wp\/v2\/media\/330745"}],"wp:attachment":[{"href":"https:\/\/www.livrariarema.com.br\/loja\/wp-json\/wp\/v2\/media?parent=278589"}],"wp:term":[{"taxonomy":"product_cat","embeddable":true,"href":"https:\/\/www.livrariarema.com.br\/loja\/wp-json\/wp\/v2\/product_cat?post=278589"},{"taxonomy":"product_tag","embeddable":true,"href":"https:\/\/www.livrariarema.com.br\/loja\/wp-json\/wp\/v2\/product_tag?post=278589"}],"curies":[{"name":"wp","href":"https:\/\/api.w.org\/{rel}","templated":true}]}}