{"id":278662,"date":"2024-01-17T16:16:15","date_gmt":"2024-01-17T19:16:15","guid":{"rendered":"https:\/\/www.livrariarema.com.br\/loja\/produtos\/sem categoria\/box-a-historia-da-terra-media-box-2-j-r-r-tolkien\/"},"modified":"2026-04-15T17:10:32","modified_gmt":"2026-04-15T20:10:32","slug":"box-a-historia-da-terra-media-box-2-j-r-r-tolkien","status":"publish","type":"product","link":"https:\/\/www.livrariarema.com.br\/loja\/produtos\/livros\/ficcao\/box-a-historia-da-terra-media-box-2-j-r-r-tolkien\/","title":{"rendered":"Box A Historia Da Terra-Media &#8211; Box 2 &#8211; J. R. R. Tolkien"},"content":{"rendered":"<p>Segundo box da s\u00e9rie de 12 volumes editados por Christopher Tolkien, filho do autor, que expandem a cria\u00e7\u00e3o e desenvolvimento do famoso universo fant\u00e1stico de J.R.R Tolkien.<br \/>\nAqui, est\u00e3o reunidos os livros As Baladas de Beleriand, A Forma\u00e7\u00e3o da Terra-m\u00e9dia e A Estrada Perdida e Outros Escritos, que continuam a explorar a Terra-m\u00e9dia e discutem a hist\u00f3ria inicial de O Silmarillion.<br \/>\nJ.R.R. Tolkien \u00e9 um dos maiores escritores de fic\u00e7\u00e3o fant\u00e1stica da literatura inglesa. Mais conhecido por O Senhor dos An\u00e9is, O Hobbit e O Silmarillion, Tolkien explorou seu Legend\u00e1rio ao m\u00e1ximo, criando conte\u00fados complementares para suas obras e aprofundando as hist\u00f3rias que escreveu.<br \/>\nA Hist\u00f3ria da Terra-m\u00e9dia \u00e9 uma s\u00e9rie composta por 12 livros publicados entre 1983 e 1996 que desenvolvem os conceitos de Tolkien sobre a Terra-m\u00e9dia, mostrando a complexidade desse mundo ficcional e sua influ\u00eancia para a elabora\u00e7\u00e3o de outras obras do autor. Leitura obrigat\u00f3ria para entender a fundo o mundo fant\u00e1stico tolkieniano, os livros editados por Christopher Tolkien s\u00e3o um lan\u00e7amento in\u00e9dito no Brasil. <\/p>\n","protected":false},"excerpt":{"rendered":"<p>Segundo box da s\u00e9rie de 12 volumes editados por Christopher Tolkien, filho do autor, que expandem a cria\u00e7\u00e3o e desenvolvimento&hellip;<\/p>\n","protected":false},"featured_media":347023,"comment_status":"open","ping_status":"closed","template":"","meta":[],"product_cat":[162,134],"product_tag":[],"_links":{"self":[{"href":"https:\/\/www.livrariarema.com.br\/loja\/wp-json\/wp\/v2\/product\/278662"}],"collection":[{"href":"https:\/\/www.livrariarema.com.br\/loja\/wp-json\/wp\/v2\/product"}],"about":[{"href":"https:\/\/www.livrariarema.com.br\/loja\/wp-json\/wp\/v2\/types\/product"}],"replies":[{"embeddable":true,"href":"https:\/\/www.livrariarema.com.br\/loja\/wp-json\/wp\/v2\/comments?post=278662"}],"wp:featuredmedia":[{"embeddable":true,"href":"https:\/\/www.livrariarema.com.br\/loja\/wp-json\/wp\/v2\/media\/347023"}],"wp:attachment":[{"href":"https:\/\/www.livrariarema.com.br\/loja\/wp-json\/wp\/v2\/media?parent=278662"}],"wp:term":[{"taxonomy":"product_cat","embeddable":true,"href":"https:\/\/www.livrariarema.com.br\/loja\/wp-json\/wp\/v2\/product_cat?post=278662"},{"taxonomy":"product_tag","embeddable":true,"href":"https:\/\/www.livrariarema.com.br\/loja\/wp-json\/wp\/v2\/product_tag?post=278662"}],"curies":[{"name":"wp","href":"https:\/\/api.w.org\/{rel}","templated":true}]}}