{"id":278705,"date":"2024-01-17T17:24:24","date_gmt":"2024-01-17T20:24:24","guid":{"rendered":"https:\/\/www.livrariarema.com.br\/loja\/produtos\/sem categoria\/biblia-leitura-perfeita-letra-gigante-nvi-couro-soft-preto\/"},"modified":"2026-03-20T13:42:12","modified_gmt":"2026-03-20T16:42:12","slug":"biblia-leitura-perfeita-letra-gigante-nvi-couro-soft-preto","status":"publish","type":"product","link":"https:\/\/www.livrariarema.com.br\/loja\/produtos\/biblias\/nvi\/biblia-leitura-perfeita-letra-gigante-nvi-couro-soft-preto\/","title":{"rendered":"B\u00edblia Leitura Perfeita &#8211; Letra Gigante &#8211; Nvi &#8211; Couro Soft &#8211; Preto"},"content":{"rendered":"<p>Para desenvolver um relacionamento \u00edntimo com Deus, nada melhor do que se aprofundar no estudo de sua Palavra. No entanto, essa tarefa fica dif\u00edcil quando temos em m\u00e3os uma B\u00edblia com texto de leitura cansativa.<\/p>\n<p>Para solucionar esse problema, apresentamos as b\u00edblias Leitura Perfeita, pensadas especialmente para voc\u00ea que deseja ler as Escrituras com o conforto da letra gigante. A fonte usada nesta B\u00edblia foi desenvolvida especialmente para a Thomas Nelson Brasil. O design \u00e9 inspirado na proposta da Nova Vers\u00e3o Internacional (NVI) de ser uma tradu\u00e7\u00e3o moderna e que traz ao leitor a vers\u00e3o mais fiel poss\u00edvel do texto b\u00edblico.<\/p>\n<p>O objetivo dos criadores da Fonte Leitura Perfeita foi refletir essa rica tradi\u00e7\u00e3o de ter um texto fiel, claro e de f\u00e1cil leitura, ao mesmo tempo, em que integra os melhores avan\u00e7os em tipografia de b\u00edblias modernas. O resultado \u00e9 uma fonte singular, moderna, bonita, clara e leg\u00edvel em qualquer tamanho, perfeitamente em sintonia com a Nova Vers\u00e3o Internacional.<\/p>\n","protected":false},"excerpt":{"rendered":"<p>Para desenvolver um relacionamento \u00edntimo com Deus, nada melhor do que se aprofundar no estudo de sua Palavra. No entanto,&hellip;<\/p>\n","protected":false},"featured_media":345280,"comment_status":"open","ping_status":"closed","template":"","meta":[],"product_cat":[139,166],"product_tag":[],"_links":{"self":[{"href":"https:\/\/www.livrariarema.com.br\/loja\/wp-json\/wp\/v2\/product\/278705"}],"collection":[{"href":"https:\/\/www.livrariarema.com.br\/loja\/wp-json\/wp\/v2\/product"}],"about":[{"href":"https:\/\/www.livrariarema.com.br\/loja\/wp-json\/wp\/v2\/types\/product"}],"replies":[{"embeddable":true,"href":"https:\/\/www.livrariarema.com.br\/loja\/wp-json\/wp\/v2\/comments?post=278705"}],"wp:featuredmedia":[{"embeddable":true,"href":"https:\/\/www.livrariarema.com.br\/loja\/wp-json\/wp\/v2\/media\/345280"}],"wp:attachment":[{"href":"https:\/\/www.livrariarema.com.br\/loja\/wp-json\/wp\/v2\/media?parent=278705"}],"wp:term":[{"taxonomy":"product_cat","embeddable":true,"href":"https:\/\/www.livrariarema.com.br\/loja\/wp-json\/wp\/v2\/product_cat?post=278705"},{"taxonomy":"product_tag","embeddable":true,"href":"https:\/\/www.livrariarema.com.br\/loja\/wp-json\/wp\/v2\/product_tag?post=278705"}],"curies":[{"name":"wp","href":"https:\/\/api.w.org\/{rel}","templated":true}]}}