{"id":278712,"date":"2024-01-17T17:24:55","date_gmt":"2024-01-17T20:24:55","guid":{"rendered":"https:\/\/www.livrariarema.com.br\/loja\/produtos\/sem%20categoria\/fe-e-esperanca-para-cada-dia-flavio-valvassoura\/"},"modified":"2026-02-24T12:21:34","modified_gmt":"2026-02-24T15:21:34","slug":"fe-e-esperanca-para-cada-dia-flavio-valvassoura","status":"publish","type":"product","link":"https:\/\/www.livrariarema.com.br\/loja\/produtos\/livros\/devocional\/fe-e-esperanca-para-cada-dia-flavio-valvassoura\/","title":{"rendered":"F\u00e9 E Esperan\u00e7a Para Cada Dia &#8211; Flavio Valvassoura"},"content":{"rendered":"<p>Cada novo dia nos apresenta alegrias e desafios para os quais precisamos estar prontos. Fl\u00e1vio Valvassoura preparou para voc\u00ea pequenas doses de f\u00e9 e esperan\u00e7a que o ajudar\u00e3o a superar as suas adversidades, desfrutar das suas conquistas, ter perseveran\u00e7a para alcan\u00e7ar o seu prop\u00f3sito e sabedoria para viver o seu destino. O autor apresenta a import\u00e2ncia de viver um relacionamento \u00edntimo com o Criador para que tudo o que Deus sonhou para a sua vida possa se tornar realidade. Aqui voc\u00ea tem \u00e0 sua disposi\u00e7\u00e3o um texto para cada dia do ano com uma leitura b\u00edblica, uma reflex\u00e3o desafiadora e uma ora\u00e7\u00e3o poderosa. O Pastor Fl\u00e1vio tamb\u00e9m reservou um espa\u00e7o em cada p\u00e1gina para voc\u00ea anotar todos os ensinamentos que receber e, assim, poder tirar o melhor proveito deste livro. Em &#8220;F\u00e9 e Esperan\u00e7a para Cada Dia&#8221;, voc\u00ea tamb\u00e9m encontrar\u00e1 uma p\u00e1gina de planejamento todos os meses, para que possa propor a si mesmo metas e acompanh\u00e1-las. Al\u00e9m disso, espalhadas por toda a obra, h\u00e1 pequenas intera\u00e7\u00f5es que o ajudar\u00e3o a refletir sobre pontos espec\u00edficos de sua jornada, bem como um texto especial para os anos bissextos. Transforme a sua realidade e capacite-se para viver o extraordin\u00e1rio com o Senhor.<\/p>\n","protected":false},"excerpt":{"rendered":"<p>Cada novo dia nos apresenta alegrias e desafios para os quais precisamos estar prontos. Fl\u00e1vio Valvassoura preparou para voc\u00ea pequenas&hellip;<\/p>\n","protected":false},"featured_media":345295,"comment_status":"open","ping_status":"closed","template":"","meta":[],"product_cat":[158,134],"product_tag":[],"_links":{"self":[{"href":"https:\/\/www.livrariarema.com.br\/loja\/wp-json\/wp\/v2\/product\/278712"}],"collection":[{"href":"https:\/\/www.livrariarema.com.br\/loja\/wp-json\/wp\/v2\/product"}],"about":[{"href":"https:\/\/www.livrariarema.com.br\/loja\/wp-json\/wp\/v2\/types\/product"}],"replies":[{"embeddable":true,"href":"https:\/\/www.livrariarema.com.br\/loja\/wp-json\/wp\/v2\/comments?post=278712"}],"wp:featuredmedia":[{"embeddable":true,"href":"https:\/\/www.livrariarema.com.br\/loja\/wp-json\/wp\/v2\/media\/345295"}],"wp:attachment":[{"href":"https:\/\/www.livrariarema.com.br\/loja\/wp-json\/wp\/v2\/media?parent=278712"}],"wp:term":[{"taxonomy":"product_cat","embeddable":true,"href":"https:\/\/www.livrariarema.com.br\/loja\/wp-json\/wp\/v2\/product_cat?post=278712"},{"taxonomy":"product_tag","embeddable":true,"href":"https:\/\/www.livrariarema.com.br\/loja\/wp-json\/wp\/v2\/product_tag?post=278712"}],"curies":[{"name":"wp","href":"https:\/\/api.w.org\/{rel}","templated":true}]}}