{"id":278859,"date":"2024-01-18T11:34:53","date_gmt":"2024-01-18T14:34:53","guid":{"rendered":"https:\/\/www.livrariarema.com.br\/loja\/produtos\/sem categoria\/biblia-king-james-1611-de-estudo-dos-reformadores-marrom\/"},"modified":"2026-02-23T15:51:12","modified_gmt":"2026-02-23T18:51:12","slug":"biblia-king-james-1611-de-estudo-dos-reformadores-marrom","status":"publish","type":"product","link":"https:\/\/www.livrariarema.com.br\/loja\/produtos\/biblias\/estudo\/biblia-king-james-1611-de-estudo-dos-reformadores-marrom\/","title":{"rendered":"B\u00edblia King James 1611 De Estudo Dos Reformadores &#8211; Marrom"},"content":{"rendered":"<p>Uma Edi\u00e7\u00e3o in\u00e9dita de uma B\u00edblia que retrata v\u00e1rios estudos b\u00edblicos dos principais reformadores que fizeram hist\u00f3ria com sua braveza e coragem para uma reforma da igreja que foi liderada por figuras como Martinho Lutero, Jo\u00e3o Calvino, Ulrico Zu\u00ednglio e outros reformadores. A Reforma teve v\u00e1rias causas e desdobramentos, mas algumas das principais quest\u00f5es que levaram a esse movimento inclu\u00edam: Corrup\u00e7\u00e3o na Igreja, Acesso \u00e0 B\u00edblia, Autoridade papal e a Justifica\u00e7\u00e3o pela f\u00e9.Isso tamb\u00e9m levou a conflitos religiosos e pol\u00edticos em toda a Europa, incluindo guerras religiosas, como a Guerra dos Trinta Anos.<\/p>\n<p>A Reforma teve um profundo impacto na hist\u00f3ria europeia e na religi\u00e3o, contribuindo para a diversidade religiosa e o surgimento do protestantismo como um movimento que volta para o centro da vontade de Deus atrav\u00e9s da escritura.<\/p>\n<p>Vamos conhecer tamb\u00e9m na B\u00edblia de Estudo dos Reformadores algumas variantes textuais que tiveram impacto para a reforma protestante, um enfrentamento textual \u00e0s doutrinas cat\u00f3licas na \u00e9poca da reforma.<\/p>\n","protected":false},"excerpt":{"rendered":"<p>Uma Edi\u00e7\u00e3o in\u00e9dita de uma B\u00edblia que retrata v\u00e1rios estudos b\u00edblicos dos principais reformadores que fizeram hist\u00f3ria com sua braveza&hellip;<\/p>\n","protected":false},"featured_media":345218,"comment_status":"open","ping_status":"closed","template":"","meta":[],"product_cat":[139,140],"product_tag":[],"_links":{"self":[{"href":"https:\/\/www.livrariarema.com.br\/loja\/wp-json\/wp\/v2\/product\/278859"}],"collection":[{"href":"https:\/\/www.livrariarema.com.br\/loja\/wp-json\/wp\/v2\/product"}],"about":[{"href":"https:\/\/www.livrariarema.com.br\/loja\/wp-json\/wp\/v2\/types\/product"}],"replies":[{"embeddable":true,"href":"https:\/\/www.livrariarema.com.br\/loja\/wp-json\/wp\/v2\/comments?post=278859"}],"wp:featuredmedia":[{"embeddable":true,"href":"https:\/\/www.livrariarema.com.br\/loja\/wp-json\/wp\/v2\/media\/345218"}],"wp:attachment":[{"href":"https:\/\/www.livrariarema.com.br\/loja\/wp-json\/wp\/v2\/media?parent=278859"}],"wp:term":[{"taxonomy":"product_cat","embeddable":true,"href":"https:\/\/www.livrariarema.com.br\/loja\/wp-json\/wp\/v2\/product_cat?post=278859"},{"taxonomy":"product_tag","embeddable":true,"href":"https:\/\/www.livrariarema.com.br\/loja\/wp-json\/wp\/v2\/product_tag?post=278859"}],"curies":[{"name":"wp","href":"https:\/\/api.w.org\/{rel}","templated":true}]}}