{"id":278952,"date":"2024-01-18T12:17:22","date_gmt":"2024-01-18T15:17:22","guid":{"rendered":"https:\/\/www.livrariarema.com.br\/loja\/produtos\/sem categoria\/ntlh065e-biblia-de-estudo-ntlh-rosa-nobre-2\/"},"modified":"2025-12-08T13:03:21","modified_gmt":"2025-12-08T16:03:21","slug":"ntlh065e-biblia-de-estudo-ntlh-rosa-nobre-2","status":"publish","type":"product","link":"https:\/\/www.livrariarema.com.br\/loja\/produtos\/biblias\/estudo\/ntlh065e-biblia-de-estudo-ntlh-rosa-nobre-2\/","title":{"rendered":"Ntlh065e &#8211; B\u00edblia De Estudo Ntlh &#8211; Rosa Nobre"},"content":{"rendered":"<p>Por sua linguagem clara, profunda e edificante, esta \u00e9 uma B\u00edblia que procura explicar o significado do texto b\u00edblico, sem favorecer uma posi\u00e7\u00e3o doutrin\u00e1ria. S\u00e3o in\u00fameros os recursos oferecidos para ajudar o leitor a compreender melhor a Palavra de Deus. As notas introdut\u00f3rias a cada unidade do texto, por exemplo, ajudam o leitor a ter uma clara no\u00e7\u00e3o do contexto da passagem lida, com pistas para aplica\u00e7\u00e3o pessoal.<\/p>\n","protected":false},"excerpt":{"rendered":"<p>Por sua linguagem clara, profunda e edificante, esta \u00e9 uma B\u00edblia que procura explicar o significado do texto b\u00edblico, sem&hellip;<\/p>\n","protected":false},"featured_media":342218,"comment_status":"open","ping_status":"closed","template":"","meta":[],"product_cat":[139,140],"product_tag":[],"_links":{"self":[{"href":"https:\/\/www.livrariarema.com.br\/loja\/wp-json\/wp\/v2\/product\/278952"}],"collection":[{"href":"https:\/\/www.livrariarema.com.br\/loja\/wp-json\/wp\/v2\/product"}],"about":[{"href":"https:\/\/www.livrariarema.com.br\/loja\/wp-json\/wp\/v2\/types\/product"}],"replies":[{"embeddable":true,"href":"https:\/\/www.livrariarema.com.br\/loja\/wp-json\/wp\/v2\/comments?post=278952"}],"wp:featuredmedia":[{"embeddable":true,"href":"https:\/\/www.livrariarema.com.br\/loja\/wp-json\/wp\/v2\/media\/342218"}],"wp:attachment":[{"href":"https:\/\/www.livrariarema.com.br\/loja\/wp-json\/wp\/v2\/media?parent=278952"}],"wp:term":[{"taxonomy":"product_cat","embeddable":true,"href":"https:\/\/www.livrariarema.com.br\/loja\/wp-json\/wp\/v2\/product_cat?post=278952"},{"taxonomy":"product_tag","embeddable":true,"href":"https:\/\/www.livrariarema.com.br\/loja\/wp-json\/wp\/v2\/product_tag?post=278952"}],"curies":[{"name":"wp","href":"https:\/\/api.w.org\/{rel}","templated":true}]}}