{"id":278954,"date":"2024-01-18T12:17:28","date_gmt":"2024-01-18T15:17:28","guid":{"rendered":"https:\/\/www.livrariarema.com.br\/loja\/produtos\/sem categoria\/arc063lg-biblia-letra-grande-preta\/"},"modified":"2025-05-02T16:10:00","modified_gmt":"2025-05-02T19:10:00","slug":"arc063lg-biblia-letra-grande-preta","status":"publish","type":"product","link":"https:\/\/www.livrariarema.com.br\/loja\/produtos\/biblias\/revista-corrigida-biblias\/arc063lg-biblia-letra-grande-preta\/","title":{"rendered":"Arc063lg &#8211; B\u00edblia Letra Grande &#8211; Preta"},"content":{"rendered":"<p>B\u00edblia Sagrada possui letra grande o que a torna ideal para a leitura di\u00e1ria e para a compreens\u00e3o da Palavra de Deus.<\/p>\n","protected":false},"excerpt":{"rendered":"<p>B\u00edblia Sagrada possui letra grande o que a torna ideal para a leitura di\u00e1ria e para a compreens\u00e3o da Palavra&hellip;<\/p>\n","protected":false},"featured_media":330109,"comment_status":"open","ping_status":"closed","template":"","meta":[],"product_cat":[139,149],"product_tag":[],"_links":{"self":[{"href":"https:\/\/www.livrariarema.com.br\/loja\/wp-json\/wp\/v2\/product\/278954"}],"collection":[{"href":"https:\/\/www.livrariarema.com.br\/loja\/wp-json\/wp\/v2\/product"}],"about":[{"href":"https:\/\/www.livrariarema.com.br\/loja\/wp-json\/wp\/v2\/types\/product"}],"replies":[{"embeddable":true,"href":"https:\/\/www.livrariarema.com.br\/loja\/wp-json\/wp\/v2\/comments?post=278954"}],"wp:featuredmedia":[{"embeddable":true,"href":"https:\/\/www.livrariarema.com.br\/loja\/wp-json\/wp\/v2\/media\/330109"}],"wp:attachment":[{"href":"https:\/\/www.livrariarema.com.br\/loja\/wp-json\/wp\/v2\/media?parent=278954"}],"wp:term":[{"taxonomy":"product_cat","embeddable":true,"href":"https:\/\/www.livrariarema.com.br\/loja\/wp-json\/wp\/v2\/product_cat?post=278954"},{"taxonomy":"product_tag","embeddable":true,"href":"https:\/\/www.livrariarema.com.br\/loja\/wp-json\/wp\/v2\/product_tag?post=278954"}],"curies":[{"name":"wp","href":"https:\/\/api.w.org\/{rel}","templated":true}]}}