{"id":278956,"date":"2024-01-18T12:17:34","date_gmt":"2024-01-18T15:17:34","guid":{"rendered":"https:\/\/www.livrariarema.com.br\/loja\/produtos\/sem%20categoria\/na063bdn-biblia-dia-e-noite-365-dias-e-noites-com-a-palavra-lettering\/"},"modified":"2025-09-17T13:42:11","modified_gmt":"2025-09-17T16:42:11","slug":"na063bdn-biblia-dia-e-noite-365-dias-e-noites-com-a-palavra-lettering","status":"publish","type":"product","link":"https:\/\/www.livrariarema.com.br\/loja\/produtos\/biblias\/nova-almeida-atualizada\/na063bdn-biblia-dia-e-noite-365-dias-e-noites-com-a-palavra-lettering\/","title":{"rendered":"Na063bdn &#8211; B\u00edblia Dia E Noite &#8211; 365 Dias E Noites Com A Palavra &#8211; Lettering"},"content":{"rendered":"<p>A leitura di\u00e1ria da B\u00edblia \u00e9 uma pr\u00e1tica transformadora que enriquece a vida espiritual e ajuda pessoas a crescer em todas as \u00e1reas da vida. Ao mergulhar nas Escrituras Sagradas, somos capacitados a viver uma vida significativa e a impactar positivamente o mundo ao nosso redor.<\/p>\n<p>A import\u00e2ncia da leitura b\u00edblica di\u00e1ria \u00e9 enfatizada em v\u00e1rias passagens b\u00edblicas. Por exemplo, Josu\u00e9 1.8 diz: &#8220;N\u00e3o cesse de falar deste Livro da Lei; pelo contr\u00e1rio, medite nele dia e noite, para que voc\u00ea tenha o cuidado de fazer segundo tudo o que nele est\u00e1 escrito; ent\u00e3o voc\u00ea prosperar\u00e1 e ser\u00e1 bem-sucedido&#8221; (p. 457). Essa pr\u00e1tica nos ajuda a internalizar os ensinamentos divinos e a aplic\u00e1-los em nossa vida cotidiana.<\/p>\n<p>A B\u00edblia Dia e Noite \u00e9 uma ferramenta poderosa para guiar-nos nessa jornada espiritual. Ela traz uma sele\u00e7\u00e3o de textos b\u00edblicos para cada dia do ano; dois textos para o Dia e um texto para a Noite. Voc\u00ea tamb\u00e9m ter\u00e1 acesso aos \u00e1udios dos textos b\u00edblicos selecionados por meio de v\u00e1rios QR Codes espalhados ao longo da B\u00edblia. Dessa forma, voc\u00ea poder\u00e1 meditar na Palavra de Deus Dia e Noite, pois ler a B\u00edblia diariamente \u00e9 uma pr\u00e1tica importante para aqueles que desejam crescer em sua f\u00e9 e se aproximar de Deus.<\/p>\n<p>Pronto para come\u00e7ar essa jornada? Nosso desejo \u00e9 que voc\u00ea possa come\u00e7ar e terminar o ano caminhando com a Palavra de Deus e com o Deus da Palavra.<\/p>\n","protected":false},"excerpt":{"rendered":"<p>A leitura di\u00e1ria da B\u00edblia \u00e9 uma pr\u00e1tica transformadora que enriquece a vida espiritual e ajuda pessoas a crescer em&hellip;<\/p>\n","protected":false},"featured_media":337100,"comment_status":"open","ping_status":"closed","template":"","meta":[],"product_cat":[139,174],"product_tag":[],"_links":{"self":[{"href":"https:\/\/www.livrariarema.com.br\/loja\/wp-json\/wp\/v2\/product\/278956"}],"collection":[{"href":"https:\/\/www.livrariarema.com.br\/loja\/wp-json\/wp\/v2\/product"}],"about":[{"href":"https:\/\/www.livrariarema.com.br\/loja\/wp-json\/wp\/v2\/types\/product"}],"replies":[{"embeddable":true,"href":"https:\/\/www.livrariarema.com.br\/loja\/wp-json\/wp\/v2\/comments?post=278956"}],"wp:featuredmedia":[{"embeddable":true,"href":"https:\/\/www.livrariarema.com.br\/loja\/wp-json\/wp\/v2\/media\/337100"}],"wp:attachment":[{"href":"https:\/\/www.livrariarema.com.br\/loja\/wp-json\/wp\/v2\/media?parent=278956"}],"wp:term":[{"taxonomy":"product_cat","embeddable":true,"href":"https:\/\/www.livrariarema.com.br\/loja\/wp-json\/wp\/v2\/product_cat?post=278956"},{"taxonomy":"product_tag","embeddable":true,"href":"https:\/\/www.livrariarema.com.br\/loja\/wp-json\/wp\/v2\/product_tag?post=278956"}],"curies":[{"name":"wp","href":"https:\/\/api.w.org\/{rel}","templated":true}]}}