{"id":279612,"date":"2024-01-19T15:37:13","date_gmt":"2024-01-19T18:37:13","guid":{"rendered":"https:\/\/www.livrariarema.com.br\/loja\/produtos\/sem categoria\/mulheres-mais-parecidas-com-jesus-carol-sue-merkh-e-david-merkh\/"},"modified":"2026-03-28T11:10:50","modified_gmt":"2026-03-28T14:10:50","slug":"mulheres-mais-parecidas-com-jesus-carol-sue-merkh-e-david-merkh","status":"publish","type":"product","link":"https:\/\/www.livrariarema.com.br\/loja\/produtos\/livros\/mulher\/mulheres-mais-parecidas-com-jesus-carol-sue-merkh-e-david-merkh\/","title":{"rendered":"Mulheres Mais Parecidas Com Jesus &#8211; Carol Sue Merkh E David Merkh"},"content":{"rendered":"<p>Descubra o chamado \u00e0 transforma\u00e7\u00e3o profunda e \u00e0 jornada de se tornar mais parecida com Jesus nas palavras inspiradoras de Carol Sue e David Merkh. Este livro singular \u00e9 uma obra que transcende as barreiras do conhecimento teol\u00f3gico, oferecendo uma an\u00e1lise pr\u00e1tica e profunda da jornada da mulher crist\u00e3 em dire\u00e7\u00e3o \u00e0 reflex\u00e3o do car\u00e1ter e conduta do Filho de Deus.<Br><br \/>\n<Br><br \/>\nO casal Merkh guia os leitores por uma explora\u00e7\u00e3o teol\u00f3gica, ressaltando a import\u00e2ncia do conhecimento b\u00edblico no desenvolvimento do car\u00e1ter e da conduta da mulher crist\u00e3. Carol Sue Merkh, com suas experi\u00eancias como esposa, m\u00e3e, av\u00f3 e palestrante, torna as palavras das Escrituras acess\u00edveis e edificantes para mulheres em todas as esta\u00e7\u00f5es da vida.<Br><br \/>\n<Br><br \/>\nMulheres Mais Parecidas com Jesus abrange uma ampla gama de temas, desde a narrativa da Cria\u00e7\u00e3o at\u00e9 dilemas cotidianos como ansiedade, contentamento e confian\u00e7a em Deus. Carol desafia e inspira suas leitoras a aplicarem princ\u00edpios b\u00edblicos em sua vida di\u00e1ria, transformando teoria em pr\u00e1tica em cada cap\u00edtulo. Este livro \u00e9 um convite \u00e0 a\u00e7\u00e3o, encorajando as mulheres a se tornarem far\u00f3is e guias para outras ao longo de sua jornada espiritual.<Br><br \/>\n<Br><br \/>\nAo mergulhar nas p\u00e1ginas deste livro, voc\u00ea ser\u00e1 desafiada a repensar sua identidade, seu papel e seu prop\u00f3sito \u00e0 luz das Escrituras. Mulheres Mais Parecidas com Jesus n\u00e3o \u00e9 apenas uma leitura; \u00e9 uma ferramenta preciosa que aponta para Cristo, estimulando uma vida de integridade, gra\u00e7a e confian\u00e7a no Redentor.<br \/>\n<Br><Br><br \/>\nPrepare-se para uma jornada transformadora e inspiradora enquanto cada p\u00e1gina virada revela insights profundos e orienta\u00e7\u00f5es pr\u00e1ticas para se tornar mais parecida com Jesus. Este livro \u00e9 mais do que um guia; \u00e9 um companheiro fiel na busca por uma vida crist\u00e3 aut\u00eantica.<Br><br \/>\n<Br><br \/>\nPalavras-chave: Mulheres Crist\u00e3s, Transforma\u00e7\u00e3o, Car\u00e1ter Crist\u00e3o, Conduta, Jornada Espiritual, Conhecimento B\u00edblico, Carol Sue Merkh, David Merkh, Identidade Crist\u00e3, Prop\u00f3sito de Vida, Reflex\u00e3o B\u00edblica.<\/p>\n","protected":false},"excerpt":{"rendered":"<p>Descubra o chamado \u00e0 transforma\u00e7\u00e3o profunda e \u00e0 jornada de se tornar mais parecida com Jesus nas palavras inspiradoras de&hellip;<\/p>\n","protected":false},"featured_media":346165,"comment_status":"open","ping_status":"closed","template":"","meta":[],"product_cat":[134,170],"product_tag":[],"_links":{"self":[{"href":"https:\/\/www.livrariarema.com.br\/loja\/wp-json\/wp\/v2\/product\/279612"}],"collection":[{"href":"https:\/\/www.livrariarema.com.br\/loja\/wp-json\/wp\/v2\/product"}],"about":[{"href":"https:\/\/www.livrariarema.com.br\/loja\/wp-json\/wp\/v2\/types\/product"}],"replies":[{"embeddable":true,"href":"https:\/\/www.livrariarema.com.br\/loja\/wp-json\/wp\/v2\/comments?post=279612"}],"wp:featuredmedia":[{"embeddable":true,"href":"https:\/\/www.livrariarema.com.br\/loja\/wp-json\/wp\/v2\/media\/346165"}],"wp:attachment":[{"href":"https:\/\/www.livrariarema.com.br\/loja\/wp-json\/wp\/v2\/media?parent=279612"}],"wp:term":[{"taxonomy":"product_cat","embeddable":true,"href":"https:\/\/www.livrariarema.com.br\/loja\/wp-json\/wp\/v2\/product_cat?post=279612"},{"taxonomy":"product_tag","embeddable":true,"href":"https:\/\/www.livrariarema.com.br\/loja\/wp-json\/wp\/v2\/product_tag?post=279612"}],"curies":[{"name":"wp","href":"https:\/\/api.w.org\/{rel}","templated":true}]}}