{"id":279614,"date":"2024-01-19T15:37:19","date_gmt":"2024-01-19T18:37:19","guid":{"rendered":"https:\/\/www.livrariarema.com.br\/loja\/produtos\/sem%20categoria\/ore-e-anote-minhas-oracoes-minhas-anotacoes-darrell-e-marcia-marinho\/"},"modified":"2026-03-13T17:02:39","modified_gmt":"2026-03-13T20:02:39","slug":"ore-e-anote-minhas-oracoes-minhas-anotacoes-darrell-e-marcia-marinho","status":"publish","type":"product","link":"https:\/\/www.livrariarema.com.br\/loja\/produtos\/livros\/mulher\/ore-e-anote-minhas-oracoes-minhas-anotacoes-darrell-e-marcia-marinho\/","title":{"rendered":"Ore E Anote &#8211; Minhas Ora\u00e7\u00f5es, Minhas Anota\u00e7\u00f5es &#8211; Darrell E M\u00e1rcia Marinho"},"content":{"rendered":"<p>Ore e anote \u00e9 uma obra inspiradora que visa a enriquecer sua jornada espiritual, proporcionando-lhe uma oportunidade \u00fanica de se aproximar de Deus em um ambiente de reflex\u00e3o e comunh\u00e3o. Este livro \u00e9 mais do que um simples di\u00e1rio de ora\u00e7\u00e3o; \u00e9 um guia pessoal para um itiner\u00e1rio espiritual mais profundo e significativo.<\/p>\n<p>Cada p\u00e1gina deste di\u00e1rio \u00e9 uma porta para uma experi\u00eancia mais \u00edntima com o Pai Celestial. As se\u00e7\u00f5es cuidadosamente projetadas &#8211; como &#8220;Meus alvos de ora\u00e7\u00e3o&#8221;, &#8220;Vers\u00edculos favoritos&#8221;, &#8220;Pedidos e respostas de ora\u00e7\u00e3o&#8221; &#8211; servem como ferramentas essenciais para aprofundar sua conex\u00e3o espiritual com Deus.<\/p>\n<p>Muito mais do que um simples livro, Ore e anote \u00e9 uma ferramenta que guia a leitora em uma traget\u00f3ria espiritual enriquecedora e pessoal. \u00c9 um convite para dedicar tempo de qualidade na presen\u00e7a de Deus, crescendo na f\u00e9 e no relacionamento com Ele. Cada p\u00e1gina oferece uma oportunidade de reflex\u00e3o, crescimento e conex\u00e3o espiritual, tornando-o um valioso companheiro na caminhada da f\u00e9.<\/p>\n","protected":false},"excerpt":{"rendered":"<p>Ore e anote \u00e9 uma obra inspiradora que visa a enriquecer sua jornada espiritual, proporcionando-lhe uma oportunidade \u00fanica de se&hellip;<\/p>\n","protected":false},"featured_media":346166,"comment_status":"open","ping_status":"closed","template":"","meta":[],"product_cat":[134,170],"product_tag":[],"_links":{"self":[{"href":"https:\/\/www.livrariarema.com.br\/loja\/wp-json\/wp\/v2\/product\/279614"}],"collection":[{"href":"https:\/\/www.livrariarema.com.br\/loja\/wp-json\/wp\/v2\/product"}],"about":[{"href":"https:\/\/www.livrariarema.com.br\/loja\/wp-json\/wp\/v2\/types\/product"}],"replies":[{"embeddable":true,"href":"https:\/\/www.livrariarema.com.br\/loja\/wp-json\/wp\/v2\/comments?post=279614"}],"wp:featuredmedia":[{"embeddable":true,"href":"https:\/\/www.livrariarema.com.br\/loja\/wp-json\/wp\/v2\/media\/346166"}],"wp:attachment":[{"href":"https:\/\/www.livrariarema.com.br\/loja\/wp-json\/wp\/v2\/media?parent=279614"}],"wp:term":[{"taxonomy":"product_cat","embeddable":true,"href":"https:\/\/www.livrariarema.com.br\/loja\/wp-json\/wp\/v2\/product_cat?post=279614"},{"taxonomy":"product_tag","embeddable":true,"href":"https:\/\/www.livrariarema.com.br\/loja\/wp-json\/wp\/v2\/product_tag?post=279614"}],"curies":[{"name":"wp","href":"https:\/\/api.w.org\/{rel}","templated":true}]}}