{"id":279891,"date":"2024-01-22T11:23:28","date_gmt":"2024-01-22T14:23:28","guid":{"rendered":"https:\/\/www.livrariarema.com.br\/loja\/produtos\/sem%20categoria\/em-seus-passos-o-que-faria-jesus-charles-m-sheldon-nova-edicao\/"},"modified":"2026-04-15T16:11:48","modified_gmt":"2026-04-15T19:11:48","slug":"em-seus-passos-o-que-faria-jesus-charles-m-sheldon-nova-edicao","status":"publish","type":"product","link":"https:\/\/www.livrariarema.com.br\/loja\/produtos\/livros\/ficcao\/em-seus-passos-o-que-faria-jesus-charles-m-sheldon-nova-edicao\/","title":{"rendered":"Em Seus Passos O Que Faria Jesus? &#8211; Charles M. Sheldon (Nova Edi\u00e7\u00e3o)"},"content":{"rendered":"<p>Em seus passos o que faria Jesus? narra as profundas mudan\u00e7as ocorridas quando um pastor desafia sua comunidade a praticar a f\u00e9 em Jesus Cristo. \u00c0 medida que aceita o desafio, coisas incr\u00edveis acontecem em sua vida e na vida dos que o rodeiam. A pergunta &#8220;o que Jesus faria em meu lugar?&#8221; passa a orientar todas as a\u00e7\u00f5es desse grupo, causando uma reviravolta sem precedentes.<\/p>\n<p>Escrito por Charles M. Sheldon e publicado pela primeira vez em 1896, Em seus passos o que faria Jesus? tornou-se rapidamente um best-seller mundial. Estima-se que, apenas em ingl\u00eas, suas vendas superaram os 50 milh\u00f5es de exemplares. Leitores de todo o mundo continuam a surpreender-se com o desafio proposto h\u00e1 mais de um s\u00e9culo.<\/p>\n","protected":false},"excerpt":{"rendered":"<p>Em seus passos o que faria Jesus? narra as profundas mudan\u00e7as ocorridas quando um pastor desafia sua comunidade a praticar&hellip;<\/p>\n","protected":false},"featured_media":339461,"comment_status":"open","ping_status":"closed","template":"","meta":[],"product_cat":[162,134],"product_tag":[],"_links":{"self":[{"href":"https:\/\/www.livrariarema.com.br\/loja\/wp-json\/wp\/v2\/product\/279891"}],"collection":[{"href":"https:\/\/www.livrariarema.com.br\/loja\/wp-json\/wp\/v2\/product"}],"about":[{"href":"https:\/\/www.livrariarema.com.br\/loja\/wp-json\/wp\/v2\/types\/product"}],"replies":[{"embeddable":true,"href":"https:\/\/www.livrariarema.com.br\/loja\/wp-json\/wp\/v2\/comments?post=279891"}],"wp:featuredmedia":[{"embeddable":true,"href":"https:\/\/www.livrariarema.com.br\/loja\/wp-json\/wp\/v2\/media\/339461"}],"wp:attachment":[{"href":"https:\/\/www.livrariarema.com.br\/loja\/wp-json\/wp\/v2\/media?parent=279891"}],"wp:term":[{"taxonomy":"product_cat","embeddable":true,"href":"https:\/\/www.livrariarema.com.br\/loja\/wp-json\/wp\/v2\/product_cat?post=279891"},{"taxonomy":"product_tag","embeddable":true,"href":"https:\/\/www.livrariarema.com.br\/loja\/wp-json\/wp\/v2\/product_tag?post=279891"}],"curies":[{"name":"wp","href":"https:\/\/api.w.org\/{rel}","templated":true}]}}