{"id":280335,"date":"2024-01-24T17:10:37","date_gmt":"2024-01-24T20:10:37","guid":{"rendered":"https:\/\/www.livrariarema.com.br\/loja\/produtos\/sem categoria\/biblia-nvi-brochura-arabesco\/"},"modified":"2025-12-02T11:43:58","modified_gmt":"2025-12-02T14:43:58","slug":"biblia-nvi-brochura-arabesco","status":"publish","type":"product","link":"https:\/\/www.livrariarema.com.br\/loja\/produtos\/biblias\/nvi\/biblia-nvi-brochura-arabesco\/","title":{"rendered":"B\u00edblia &#8211; Nvi &#8211; Brochura &#8211; Arabesco"},"content":{"rendered":"<p>\u00c9 uma ferramenta eficaz para compartilhar e crescer no conhecimento da Palavra de Deus. Ela \u00e9 indicada para aqueles que est\u00e3o come\u00e7ando sua caminhada com Deus, em diferentes faixas et\u00e1rias, e para os mais experientes ou que exercem algum tipo de lideran\u00e7a.<br \/>\n&#8211; Capa brochura com cantos arredondados<br \/>\n&#8211; Formato compacto e leve que facilita o manuseio e o transporte<br \/>\n&#8211; Linguagem contempor\u00e2nea da Nova Vers\u00e3o Internacional (NVI)<\/p>\n","protected":false},"excerpt":{"rendered":"<p>\u00c9 uma ferramenta eficaz para compartilhar e crescer no conhecimento da Palavra de Deus. Ela \u00e9 indicada para aqueles que&hellip;<\/p>\n","protected":false},"featured_media":335249,"comment_status":"open","ping_status":"closed","template":"","meta":[],"product_cat":[139,166],"product_tag":[],"_links":{"self":[{"href":"https:\/\/www.livrariarema.com.br\/loja\/wp-json\/wp\/v2\/product\/280335"}],"collection":[{"href":"https:\/\/www.livrariarema.com.br\/loja\/wp-json\/wp\/v2\/product"}],"about":[{"href":"https:\/\/www.livrariarema.com.br\/loja\/wp-json\/wp\/v2\/types\/product"}],"replies":[{"embeddable":true,"href":"https:\/\/www.livrariarema.com.br\/loja\/wp-json\/wp\/v2\/comments?post=280335"}],"wp:featuredmedia":[{"embeddable":true,"href":"https:\/\/www.livrariarema.com.br\/loja\/wp-json\/wp\/v2\/media\/335249"}],"wp:attachment":[{"href":"https:\/\/www.livrariarema.com.br\/loja\/wp-json\/wp\/v2\/media?parent=280335"}],"wp:term":[{"taxonomy":"product_cat","embeddable":true,"href":"https:\/\/www.livrariarema.com.br\/loja\/wp-json\/wp\/v2\/product_cat?post=280335"},{"taxonomy":"product_tag","embeddable":true,"href":"https:\/\/www.livrariarema.com.br\/loja\/wp-json\/wp\/v2\/product_tag?post=280335"}],"curies":[{"name":"wp","href":"https:\/\/api.w.org\/{rel}","templated":true}]}}