{"id":280541,"date":"2024-01-25T12:30:16","date_gmt":"2024-01-25T15:30:16","guid":{"rendered":"https:\/\/www.livrariarema.com.br\/loja\/produtos\/sem categoria\/biblia-rc-letra-grande-com-dicionario-e-concordancia-roxa\/"},"modified":"2026-01-09T10:30:38","modified_gmt":"2026-01-09T13:30:38","slug":"biblia-rc-letra-grande-com-dicionario-e-concordancia-roxa","status":"publish","type":"product","link":"https:\/\/www.livrariarema.com.br\/loja\/produtos\/biblias\/revista-corrigida-biblias\/biblia-rc-letra-grande-com-dicionario-e-concordancia-roxa\/","title":{"rendered":"B\u00edblia &#8211; Rc &#8211; Letra Grande &#8211; Com Dicion\u00e1rio E Concord\u00e2ncia &#8211; Roxa"},"content":{"rendered":"<p>Com tipografia maior para leitura confort\u00e1vel e recursos como um Dicion\u00e1rio B\u00edblico abrangente e uma Concord\u00e2ncia B\u00edblica, esta edi\u00e7\u00e3o \u00e9 ideal para estudo, reflex\u00e3o pessoal ou presentear algu\u00e9m especial. Una tradi\u00e7\u00e3o, clareza e conforto em uma \u00fanica B\u00edblia e embarque em uma jornada espiritual \u00fanica.<\/p>\n","protected":false},"excerpt":{"rendered":"<p>Com tipografia maior para leitura confort\u00e1vel e recursos como um Dicion\u00e1rio B\u00edblico abrangente e uma Concord\u00e2ncia B\u00edblica, esta edi\u00e7\u00e3o \u00e9&hellip;<\/p>\n","protected":false},"featured_media":325901,"comment_status":"open","ping_status":"closed","template":"","meta":[],"product_cat":[139,149],"product_tag":[],"_links":{"self":[{"href":"https:\/\/www.livrariarema.com.br\/loja\/wp-json\/wp\/v2\/product\/280541"}],"collection":[{"href":"https:\/\/www.livrariarema.com.br\/loja\/wp-json\/wp\/v2\/product"}],"about":[{"href":"https:\/\/www.livrariarema.com.br\/loja\/wp-json\/wp\/v2\/types\/product"}],"replies":[{"embeddable":true,"href":"https:\/\/www.livrariarema.com.br\/loja\/wp-json\/wp\/v2\/comments?post=280541"}],"wp:featuredmedia":[{"embeddable":true,"href":"https:\/\/www.livrariarema.com.br\/loja\/wp-json\/wp\/v2\/media\/325901"}],"wp:attachment":[{"href":"https:\/\/www.livrariarema.com.br\/loja\/wp-json\/wp\/v2\/media?parent=280541"}],"wp:term":[{"taxonomy":"product_cat","embeddable":true,"href":"https:\/\/www.livrariarema.com.br\/loja\/wp-json\/wp\/v2\/product_cat?post=280541"},{"taxonomy":"product_tag","embeddable":true,"href":"https:\/\/www.livrariarema.com.br\/loja\/wp-json\/wp\/v2\/product_tag?post=280541"}],"curies":[{"name":"wp","href":"https:\/\/api.w.org\/{rel}","templated":true}]}}