{"id":280543,"date":"2024-01-25T12:30:22","date_gmt":"2024-01-25T15:30:22","guid":{"rendered":"https:\/\/www.livrariarema.com.br\/loja\/produtos\/sem categoria\/biblia-nvt-letra-normal-luxo-branca\/"},"modified":"2026-02-06T12:50:50","modified_gmt":"2026-02-06T15:50:50","slug":"biblia-nvt-letra-normal-luxo-branca","status":"publish","type":"product","link":"https:\/\/www.livrariarema.com.br\/loja\/produtos\/biblias\/nvt\/biblia-nvt-letra-normal-luxo-branca\/","title":{"rendered":"B\u00edblia &#8211; Nvt &#8211; Letra Normal &#8211; Luxo &#8211; Branca"},"content":{"rendered":"<p>B\u00edblia NVT facilita a compreens\u00e3o dos ensinos da Palavra<br \/>\nPara tornar a leitura da B\u00edblia Sagrada ainda mais atraente, com uma linguagem que permite entendermos melhor ainda os ensinamentos da Palavra de Deus, a B\u00edblia Nova Vers\u00e3o Transformadora (NVT) traz uma nova abordagem dos vers\u00edculos.<br \/>\nTraduzida por um grupo de profissionais especializados na linguagem dos textos b\u00edblicos originais, que foram escritos em hebraico, aramaico e grego, a B\u00edblia NVT traz uma linguagem de f\u00e1cil compreens\u00e3o, numa abordagem contempor\u00e2nea da l\u00edngua portuguesa.<br \/>\nRefer\u00eancia entre os crist\u00e3os que leem e estudam a Palavra, a B\u00edblia NVT nos permite assimilar com mais sabedoria o que Deus nos ensina e, assim, sermos s\u00e1bios e prudentes nos desviando do mal em nosso caminho.<\/p>\n","protected":false},"excerpt":{"rendered":"<p>B\u00edblia NVT facilita a compreens\u00e3o dos ensinos da Palavra Para tornar a leitura da B\u00edblia Sagrada ainda mais atraente, com&hellip;<\/p>\n","protected":false},"featured_media":325902,"comment_status":"open","ping_status":"closed","template":"","meta":[],"product_cat":[139,225],"product_tag":[],"_links":{"self":[{"href":"https:\/\/www.livrariarema.com.br\/loja\/wp-json\/wp\/v2\/product\/280543"}],"collection":[{"href":"https:\/\/www.livrariarema.com.br\/loja\/wp-json\/wp\/v2\/product"}],"about":[{"href":"https:\/\/www.livrariarema.com.br\/loja\/wp-json\/wp\/v2\/types\/product"}],"replies":[{"embeddable":true,"href":"https:\/\/www.livrariarema.com.br\/loja\/wp-json\/wp\/v2\/comments?post=280543"}],"wp:featuredmedia":[{"embeddable":true,"href":"https:\/\/www.livrariarema.com.br\/loja\/wp-json\/wp\/v2\/media\/325902"}],"wp:attachment":[{"href":"https:\/\/www.livrariarema.com.br\/loja\/wp-json\/wp\/v2\/media?parent=280543"}],"wp:term":[{"taxonomy":"product_cat","embeddable":true,"href":"https:\/\/www.livrariarema.com.br\/loja\/wp-json\/wp\/v2\/product_cat?post=280543"},{"taxonomy":"product_tag","embeddable":true,"href":"https:\/\/www.livrariarema.com.br\/loja\/wp-json\/wp\/v2\/product_tag?post=280543"}],"curies":[{"name":"wp","href":"https:\/\/api.w.org\/{rel}","templated":true}]}}