{"id":280555,"date":"2024-01-25T12:31:16","date_gmt":"2024-01-25T15:31:16","guid":{"rendered":"https:\/\/www.livrariarema.com.br\/loja\/produtos\/sem%20categoria\/biblia-nvt-evangelize-brochura-ternura\/"},"modified":"2026-02-11T13:45:18","modified_gmt":"2026-02-11T16:45:18","slug":"biblia-nvt-evangelize-brochura-ternura","status":"publish","type":"product","link":"https:\/\/www.livrariarema.com.br\/loja\/produtos\/biblias\/nvt\/biblia-nvt-evangelize-brochura-ternura\/","title":{"rendered":"B\u00edblia &#8211; Nvt &#8211; Letra Normal &#8211; Brochura &#8211; Ternura"},"content":{"rendered":"<p>Descubra o segredo para uma evangeliza\u00e7\u00e3o eficaz com as B\u00edblias Evangelize! Com qualidade impec\u00e1vel de impress\u00e3o e papel, essas brochuras s\u00e3o perfeitas para compartilhar a mensagem divina. Dispon\u00edveis em quatro tradu\u00e7\u00f5es (NVI, NVT, ACF e ARC), elas s\u00e3o compactas e f\u00e1ceis de levar para onde quer que voc\u00ea v\u00e1.<\/p>\n<p>Prepare-se para impactar vidas com a Palavra de Deus! Nossas B\u00edblias Evangelize s\u00e3o mais do que livros &#8211; s\u00e3o ferramentas poderosas para transformar cora\u00e7\u00f5es. Seja voc\u00ea um l\u00edder religioso, evangelista ou simplesmente algu\u00e9m apaixonado por compartilhar a f\u00e9, essas brochuras v\u00e3o inspirar e guiar voc\u00ea em sua miss\u00e3o.<\/p>\n<p>N\u00e3o perca a chance de tocar vidas e fazer a diferen\u00e7a. Adquira agora mesmo as B\u00edblias Evangelize e experimente o poder da Palavra de Deus em suas m\u00e3os. Seja um agente de transforma\u00e7\u00e3o e propague o amor e a esperan\u00e7a. Junte-se a n\u00f3s nessa jornada de f\u00e9 e descubra como uma pequena brochura pode mudar vidas.<\/p>\n","protected":false},"excerpt":{"rendered":"<p>Descubra o segredo para uma evangeliza\u00e7\u00e3o eficaz com as B\u00edblias Evangelize! Com qualidade impec\u00e1vel de impress\u00e3o e papel, essas brochuras&hellip;<\/p>\n","protected":false},"featured_media":344297,"comment_status":"open","ping_status":"closed","template":"","meta":[],"product_cat":[139,225],"product_tag":[],"_links":{"self":[{"href":"https:\/\/www.livrariarema.com.br\/loja\/wp-json\/wp\/v2\/product\/280555"}],"collection":[{"href":"https:\/\/www.livrariarema.com.br\/loja\/wp-json\/wp\/v2\/product"}],"about":[{"href":"https:\/\/www.livrariarema.com.br\/loja\/wp-json\/wp\/v2\/types\/product"}],"replies":[{"embeddable":true,"href":"https:\/\/www.livrariarema.com.br\/loja\/wp-json\/wp\/v2\/comments?post=280555"}],"wp:featuredmedia":[{"embeddable":true,"href":"https:\/\/www.livrariarema.com.br\/loja\/wp-json\/wp\/v2\/media\/344297"}],"wp:attachment":[{"href":"https:\/\/www.livrariarema.com.br\/loja\/wp-json\/wp\/v2\/media?parent=280555"}],"wp:term":[{"taxonomy":"product_cat","embeddable":true,"href":"https:\/\/www.livrariarema.com.br\/loja\/wp-json\/wp\/v2\/product_cat?post=280555"},{"taxonomy":"product_tag","embeddable":true,"href":"https:\/\/www.livrariarema.com.br\/loja\/wp-json\/wp\/v2\/product_tag?post=280555"}],"curies":[{"name":"wp","href":"https:\/\/api.w.org\/{rel}","templated":true}]}}