{"id":281278,"date":"2024-01-30T13:50:44","date_gmt":"2024-01-30T16:50:44","guid":{"rendered":"https:\/\/www.livrariarema.com.br\/loja\/produtos\/sem%20categoria\/jesus-dos-evangelhos-o-mito-ou-realidade-paul-copan-ed\/"},"modified":"2026-02-20T13:14:22","modified_gmt":"2026-02-20T16:14:22","slug":"jesus-dos-evangelhos-o-mito-ou-realidade-paul-copan-ed","status":"publish","type":"product","link":"https:\/\/www.livrariarema.com.br\/loja\/produtos\/livros\/cristologia\/jesus-dos-evangelhos-o-mito-ou-realidade-paul-copan-ed\/","title":{"rendered":"Jesus Dos Evangelhos, O &#8211; Mito Ou Realidade? &#8211; Paul Copan"},"content":{"rendered":"<p>O VERDADEIRO JESUS QUEIRA, POR FAVOR, FICAR DE P\u00c9!<\/p>\n<p>O Jesus que andou pelas ruas de Nazar\u00e9 \u00e9 o mesmo Jesus a quem os Evangelhos atribuem milagres e divindade? Os crist\u00e3os podem legitimamente afirmar que se trata realmente da mesma pessoa? Em suma, quem \u00e9 o &#8220;verdadeiro Jesus&#8221;?<\/p>\n<p>Este livro \u00e9 a primeira tentativa de di\u00e1logo entre conservadores e liberais em torno do Jesus hist\u00f3rico, tomando por base um debate recente entre John Dominic Crossan, ex-codiretor do Jesus Seminar [Semin\u00e1rio Jesus], e o evang\u00e9lico conservador William Lane Craig. Na busca por se manter imparcial em sua apresenta\u00e7\u00e3o do debate habilmente moderado por William F. Buckley Jr., a obra apresenta ainda a reflex\u00e3o de quatro especialistas no assunto: Robert Miller e Marcus Borg, que representam o Semin\u00e1rio Jesus, e Craig Blomberg e Ben Witherington III, que oferecem as respostas conservadoras.<\/p>\n","protected":false},"excerpt":{"rendered":"<p>O VERDADEIRO JESUS QUEIRA, POR FAVOR, FICAR DE P\u00c9! O Jesus que andou pelas ruas de Nazar\u00e9 \u00e9 o mesmo&hellip;<\/p>\n","protected":false},"featured_media":0,"comment_status":"open","ping_status":"closed","template":"","meta":[],"product_cat":[154,134],"product_tag":[],"_links":{"self":[{"href":"https:\/\/www.livrariarema.com.br\/loja\/wp-json\/wp\/v2\/product\/281278"}],"collection":[{"href":"https:\/\/www.livrariarema.com.br\/loja\/wp-json\/wp\/v2\/product"}],"about":[{"href":"https:\/\/www.livrariarema.com.br\/loja\/wp-json\/wp\/v2\/types\/product"}],"replies":[{"embeddable":true,"href":"https:\/\/www.livrariarema.com.br\/loja\/wp-json\/wp\/v2\/comments?post=281278"}],"wp:attachment":[{"href":"https:\/\/www.livrariarema.com.br\/loja\/wp-json\/wp\/v2\/media?parent=281278"}],"wp:term":[{"taxonomy":"product_cat","embeddable":true,"href":"https:\/\/www.livrariarema.com.br\/loja\/wp-json\/wp\/v2\/product_cat?post=281278"},{"taxonomy":"product_tag","embeddable":true,"href":"https:\/\/www.livrariarema.com.br\/loja\/wp-json\/wp\/v2\/product_tag?post=281278"}],"curies":[{"name":"wp","href":"https:\/\/api.w.org\/{rel}","templated":true}]}}