{"id":281280,"date":"2024-01-30T13:50:50","date_gmt":"2024-01-30T16:50:50","guid":{"rendered":"https:\/\/www.livrariarema.com.br\/loja\/produtos\/sem%20categoria\/caminhando-com-deus-em-meio-a-dor-e-ao-sofrimento-timothy-keller\/"},"modified":"2026-02-20T12:50:45","modified_gmt":"2026-02-20T15:50:45","slug":"caminhando-com-deus-em-meio-a-dor-e-ao-sofrimento-timothy-keller","status":"publish","type":"product","link":"https:\/\/www.livrariarema.com.br\/loja\/produtos\/livros\/motivacao\/caminhando-com-deus-em-meio-a-dor-e-ao-sofrimento-timothy-keller\/","title":{"rendered":"Caminhando Com Deus Em Meio \u00c0 Dor E Ao Sofrimento &#8211; Timothy Keller"},"content":{"rendered":"<p>&#8220;SE VOC\u00ca CR\u00ca EM JESUS E DESCANSA EM SEUS BRA\u00c7OS, O SOFRIMENTO ESTAR\u00c1 PARA O SEU CAR\u00c1TER ASSIM COMO O FOGO PARA O OURO.&#8221;<Br><br \/>\n<Br><br \/>\n&#8220;Voc\u00ea deseja saber quem \u00e9, quais s\u00e3o seus pontos fortes e fracos? Deseja ser uma pessoa compassiva que sabe ajudar os que est\u00e3o sofrendo? Quer confiar tanto em Deus que n\u00e3o se abalar\u00e1 com as decep\u00e7\u00f5es da vida? Deseja ter sabedoria para direcionar a vida? Esses quatro desejos comuns s\u00e3o cruciais, mas nenhum deles \u00e9 alcan\u00e7ado sem sofrimento. N\u00e3o h\u00e1 como saber quem realmente somos at\u00e9 sermos provados. N\u00e3o h\u00e1 como demonstrar empatia e solidariedade para com as pessoas que sofrem, a n\u00e3o ser que tenhamos sofrido. N\u00e3o h\u00e1 como aprender de verdade a confiar em Deus at\u00e9 come\u00e7armos a afundar nas \u00e1guas.&#8221;<Br><br \/>\n<Br><br \/>\nExplicar por que Deus permite dor e sofrimento no mundo \u00e9 uma quest\u00e3o que tem exasperado o ser humano h\u00e1 mil\u00eanios. Timothy Keller, autor de obras que j\u00e1 venderam milh\u00f5es de exemplares no mundo inteiro, para leitores religiosos ou n\u00e3o, analisa essa quest\u00e3o mostrando que h\u00e1 sentido e raz\u00e3o por tr\u00e1s de nossa dor e sofrimento e defendendo o argumento forte e inovador de que essa parte essencial da experi\u00eancia humana s\u00f3 pode ser superada pela compreens\u00e3o de nosso relacionamento com Deus.<Br><\/p>\n","protected":false},"excerpt":{"rendered":"<p>&#8220;SE VOC\u00ca CR\u00ca EM JESUS E DESCANSA EM SEUS BRA\u00c7OS, O SOFRIMENTO ESTAR\u00c1 PARA O SEU CAR\u00c1TER ASSIM COMO O&hellip;<\/p>\n","protected":false},"featured_media":344924,"comment_status":"open","ping_status":"closed","template":"","meta":[],"product_cat":[134,211],"product_tag":[],"_links":{"self":[{"href":"https:\/\/www.livrariarema.com.br\/loja\/wp-json\/wp\/v2\/product\/281280"}],"collection":[{"href":"https:\/\/www.livrariarema.com.br\/loja\/wp-json\/wp\/v2\/product"}],"about":[{"href":"https:\/\/www.livrariarema.com.br\/loja\/wp-json\/wp\/v2\/types\/product"}],"replies":[{"embeddable":true,"href":"https:\/\/www.livrariarema.com.br\/loja\/wp-json\/wp\/v2\/comments?post=281280"}],"wp:featuredmedia":[{"embeddable":true,"href":"https:\/\/www.livrariarema.com.br\/loja\/wp-json\/wp\/v2\/media\/344924"}],"wp:attachment":[{"href":"https:\/\/www.livrariarema.com.br\/loja\/wp-json\/wp\/v2\/media?parent=281280"}],"wp:term":[{"taxonomy":"product_cat","embeddable":true,"href":"https:\/\/www.livrariarema.com.br\/loja\/wp-json\/wp\/v2\/product_cat?post=281280"},{"taxonomy":"product_tag","embeddable":true,"href":"https:\/\/www.livrariarema.com.br\/loja\/wp-json\/wp\/v2\/product_tag?post=281280"}],"curies":[{"name":"wp","href":"https:\/\/api.w.org\/{rel}","templated":true}]}}