{"id":281298,"date":"2024-01-30T14:34:42","date_gmt":"2024-01-30T17:34:42","guid":{"rendered":"https:\/\/www.livrariarema.com.br\/loja\/produtos\/sem categoria\/revolucao-da-graca-a-joseph-prince\/"},"modified":"2025-11-25T16:42:58","modified_gmt":"2025-11-25T19:42:58","slug":"revolucao-da-graca-a-joseph-prince","status":"publish","type":"product","link":"https:\/\/www.livrariarema.com.br\/loja\/produtos\/livros\/crescimento-espiritual\/revolucao-da-graca-a-joseph-prince\/","title":{"rendered":"Revolu\u00e7\u00e3o Da Gra\u00e7a, A &#8211; Joseph Prince"},"content":{"rendered":"<p>Experimente a revolu\u00e7\u00e3o da gra\u00e7a que est\u00e1 alcan\u00e7ando o mundo!<\/p>\n<p>A revolu\u00e7\u00e3o da gra\u00e7a se resume a trazer Jesus de volta ao primeiro lugar. Quando Jesus \u00e9 pregado e exaltado, vidas s\u00e3o tocadas e transformadas. Essa \u00e9 a revolu\u00e7\u00e3o da gra\u00e7a! \u00c9 uma revolu\u00e7\u00e3o de relacionamento e de restaura\u00e7\u00e3o.<\/p>\n<p>A revolu\u00e7\u00e3o da gra\u00e7a come\u00e7a no santu\u00e1rio mais \u00edntimo do seu cora\u00e7\u00e3o, quando voc\u00ea se encontra com a pessoa de Jesus. N\u00e3o \u00e9 uma revolu\u00e7\u00e3o exterior, mas algo que come\u00e7a de dentro para fora. Voc\u00ea pode viver hoje a experi\u00eancia de uma transforma\u00e7\u00e3o profunda, pessoal e duradoura, apoiada sobre o fundamento inabal\u00e1vel e s\u00f3lido como a rocha que \u00e9 Cristo e Sua obra consumada.<\/p>\n<p>Ao utilizar as cinco chaves poderosas contidas em A REVOLU\u00c7\u00c3O DA GRA\u00c7A, experimente uma revolu\u00e7\u00e3o em seu cora\u00e7\u00e3o que o impulsionar\u00e1 a:<br \/>\n<br \/>\n&#8211; Ser liberto das cadeias do legalismo.<br \/>\n&#8211; Viver uma intimidade com Deus sem precedentes.<br \/>\n&#8211; Ver o rompimento duradouro de barreiras e vit\u00f3ria sobre v\u00edcios e cativeiros de toda uma vida.<br \/>\n&#8211; Viver a vida com ousadia e confian\u00e7a.<br \/>\n&#8211; Receber a restaura\u00e7\u00e3o abundante de Deus.<\/p>\n<p>D\u00ea um passo gigantesco hoje rumo \u00e0 vida crist\u00e3 vitoriosa que voc\u00ea foi criado para viver. Comece a experimentar o poder para viver livre de todo tipo de derrota ao encontrar o verdadeiro Jesus e o Evangelho aut\u00eantico na revolu\u00e7\u00e3o da gra\u00e7a!<\/p>\n","protected":false},"excerpt":{"rendered":"<p>Experimente a revolu\u00e7\u00e3o da gra\u00e7a que est\u00e1 alcan\u00e7ando o mundo! A revolu\u00e7\u00e3o da gra\u00e7a se resume a trazer Jesus de&hellip;<\/p>\n","protected":false},"featured_media":315962,"comment_status":"open","ping_status":"closed","template":"","meta":[],"product_cat":[147,134],"product_tag":[],"_links":{"self":[{"href":"https:\/\/www.livrariarema.com.br\/loja\/wp-json\/wp\/v2\/product\/281298"}],"collection":[{"href":"https:\/\/www.livrariarema.com.br\/loja\/wp-json\/wp\/v2\/product"}],"about":[{"href":"https:\/\/www.livrariarema.com.br\/loja\/wp-json\/wp\/v2\/types\/product"}],"replies":[{"embeddable":true,"href":"https:\/\/www.livrariarema.com.br\/loja\/wp-json\/wp\/v2\/comments?post=281298"}],"wp:featuredmedia":[{"embeddable":true,"href":"https:\/\/www.livrariarema.com.br\/loja\/wp-json\/wp\/v2\/media\/315962"}],"wp:attachment":[{"href":"https:\/\/www.livrariarema.com.br\/loja\/wp-json\/wp\/v2\/media?parent=281298"}],"wp:term":[{"taxonomy":"product_cat","embeddable":true,"href":"https:\/\/www.livrariarema.com.br\/loja\/wp-json\/wp\/v2\/product_cat?post=281298"},{"taxonomy":"product_tag","embeddable":true,"href":"https:\/\/www.livrariarema.com.br\/loja\/wp-json\/wp\/v2\/product_tag?post=281298"}],"curies":[{"name":"wp","href":"https:\/\/api.w.org\/{rel}","templated":true}]}}