{"id":281302,"date":"2024-01-30T14:34:54","date_gmt":"2024-01-30T17:34:54","guid":{"rendered":"https:\/\/www.livrariarema.com.br\/loja\/produtos\/sem categoria\/100-dias-de-favor-joseph-prince\/"},"modified":"2025-08-18T14:44:28","modified_gmt":"2025-08-18T17:44:28","slug":"100-dias-de-favor-joseph-prince","status":"publish","type":"product","link":"https:\/\/www.livrariarema.com.br\/loja\/produtos\/livros\/vida-crista\/100-dias-de-favor-joseph-prince\/","title":{"rendered":"100 Dias De Favor &#8211; Joseph Prince"},"content":{"rendered":"<p>Embarque em uma Jornada de Favor!<br \/>\nEm 100 Dias de Favor Joseph Prince convida voc\u00ea a embarcar em uma jornada poderosa e cheia de prop\u00f3sito que o levar\u00e1 a descobrir e experimentar o favor imerecido de Deus. <br \/>\nMergulhe de cabe\u00e7a no vasto oceano do favor de Deus e aprenda como ele pode liberar o sucesso em sua vida. Voc\u00ea desenvolver\u00e1 uma forte consci\u00eancia do favor de Deus e ver\u00e1 o Senhor revestindo-o de poder e b\u00ean\u00e7\u00e3os para vencer seus desa fios. Descanse do estresse que h\u00e1 em depender de sua pr\u00f3pria for\u00e7a, intelig\u00eancia e \u00e2nimo para atingir os resultados que deseja. <br \/>\nAfaste-se da agita\u00e7\u00e3o da vida para se encher das verdades transformadoras da Palavra de Deus. \u00c0 medida que ingressar na dimens\u00e3o do favor imerecido voc\u00ea descobrir\u00e1 como experimentar uma vida vitoriosa da maneira de Deus, com resultados muito mais tremendos e eficazes do que voc\u00ea jamais poderia alcan\u00e7ar sozinho. Tome a decis\u00e3o hoje de mergulhar na vastid\u00e3o do amor de Deus por voc\u00ea. <br \/>\nMergulhe em 100 Dias de Favor e em uma jornada que ir\u00e1 impactar e transformar sua vida para sempre! <\/p>\n<p><b>Sobre o Autor:<\/b><br \/>\nJoseph Prince \u00e9 o pastor principal da New Creation Church, uma igreja vibrante, din\u00e2mica e de r\u00e1pido crescimento em Cingapura, com uma congrega\u00e7\u00e3o de mais de 24 mil pessoas. <br \/>\nEle tamb\u00e9m dirige o Minist\u00e9rio Joseph Prince, uma organiza\u00e7\u00e3o sem ns lucrati- vos que busca edi car, encorajar e inspirar pessoas com o evangelho de Jesus Cristo por meio de transmiss\u00f5es televisivas e atrav\u00e9s das novas tecnologias de m\u00eddia. Conferencista altamente requisitado, Joseph tem impactado l\u00edderes de igrejas em todo o mundo ao pregar com ousadia o puro evangelho da gra\u00e7a. <br \/>\nEle acredita no melhor das pessoas e est\u00e1 comprometido em ajud\u00e1-las a descobrir como podem reinar em vida por meio da abund\u00e2ncia da gra\u00e7a e do dom da justi\u00e7a. Sua esposa Wendy e seus lhos Jessica Shayna e Justin David representam uma fonte constante de amor, alegria e apoio para ele.<\/p>\n","protected":false},"excerpt":{"rendered":"<p>Embarque em uma Jornada de Favor! Em 100 Dias de Favor Joseph Prince convida voc\u00ea a embarcar em uma jornada&hellip;<\/p>\n","protected":false},"featured_media":335500,"comment_status":"open","ping_status":"closed","template":"","meta":[],"product_cat":[134,137],"product_tag":[],"_links":{"self":[{"href":"https:\/\/www.livrariarema.com.br\/loja\/wp-json\/wp\/v2\/product\/281302"}],"collection":[{"href":"https:\/\/www.livrariarema.com.br\/loja\/wp-json\/wp\/v2\/product"}],"about":[{"href":"https:\/\/www.livrariarema.com.br\/loja\/wp-json\/wp\/v2\/types\/product"}],"replies":[{"embeddable":true,"href":"https:\/\/www.livrariarema.com.br\/loja\/wp-json\/wp\/v2\/comments?post=281302"}],"wp:featuredmedia":[{"embeddable":true,"href":"https:\/\/www.livrariarema.com.br\/loja\/wp-json\/wp\/v2\/media\/335500"}],"wp:attachment":[{"href":"https:\/\/www.livrariarema.com.br\/loja\/wp-json\/wp\/v2\/media?parent=281302"}],"wp:term":[{"taxonomy":"product_cat","embeddable":true,"href":"https:\/\/www.livrariarema.com.br\/loja\/wp-json\/wp\/v2\/product_cat?post=281302"},{"taxonomy":"product_tag","embeddable":true,"href":"https:\/\/www.livrariarema.com.br\/loja\/wp-json\/wp\/v2\/product_tag?post=281302"}],"curies":[{"name":"wp","href":"https:\/\/api.w.org\/{rel}","templated":true}]}}