{"id":281306,"date":"2024-01-30T14:35:06","date_gmt":"2024-01-30T17:35:06","guid":{"rendered":"https:\/\/www.livrariarema.com.br\/loja\/?post_type=product&#038;p=281306"},"modified":"2025-12-06T12:30:28","modified_gmt":"2025-12-06T15:30:28","slug":"destinados-a-reinar-joseph-prince","status":"publish","type":"product","link":"https:\/\/www.livrariarema.com.br\/loja\/produtos\/livros\/crescimento-espiritual\/destinados-a-reinar-joseph-prince\/","title":{"rendered":"Destinados A Reinar &#8211; Joseph Prince"},"content":{"rendered":"<p>Por que as pessoas est\u00e3o chamando este livro de &#8220;um sopro de ar fresco&#8221;?<br \/>\nDescubra o segredo de reinar sobre cada adversidade, perda e h\u00e1bito destrutivo que est\u00e3o impedindo-o de experimentar o sucesso, a plenitude e a vit\u00f3ria para os quais voc\u00ea foi destinado.<br \/>\nAprenda como isso n\u00e3o tem a ver com o que voc\u00ea faz, mas com o que j\u00e1 foi feito por voc\u00ea.<br \/>\nN\u00e3o tem a ver com o que voc\u00ea deve conquistar, mas com o que j\u00e1 foi conquistado para voc\u00ea.<br \/>\nE n\u00e3o tem a ver com usar o poder da vontade para realizar mudan\u00e7as, mas com o poder de Deus mudando voc\u00ea.<br \/>\nComece hoje a reinar sobre a doen\u00e7a, a perda financeira, os relacionamentos quebrados e os h\u00e1bitos destrutivos!<\/p>\n<p><b>Sobre o  autor:<\/b> <\/p>\n<p>Joseph Prince \u00e9 o pastor s\u00eanior da Igreja New Creation, uma igreja vibrante, din\u00e2mica e de crescimento r\u00e1pido em Cingapura, cuja congrega\u00e7\u00e3o \u00e9 composta por mais de 24 mil membros. Ele lidera simultaneamente o Minist\u00e9rio Joseph Prince, uma organiza\u00e7\u00e3o sem fins lucrativos que busca desenvolver, encorajar e inspirar pessoas com o Evangelho de Jesus Cristo atrav\u00e9s da televis\u00e3o e da tecnologia das novas m\u00eddias.<\/p>\n<p>Conferencista altamente requisitado, Joseph tem impactado l\u00edderes nas igrejas em todo o mundo ao pregar o puro Evangelho da gra\u00e7a com ousadia. Joseph acredita no melhor das pessoas e est\u00e1 comprometido em ajud\u00e1-las a descobrir como podem reinar em vida por meio da abund\u00e2ncia da gra\u00e7a e pela d\u00e1diva da justi\u00e7a.<br \/> Sua esposa, Wendy, e seus filhos, Jessica Shayna e Justin David, s\u00e3o uma constante fonte de amor, alegria e apoio para ele.<\/p>\n","protected":false},"excerpt":{"rendered":"<p>Por que as pessoas est\u00e3o chamando este livro de &#8220;um sopro de ar fresco&#8221;? Descubra o segredo de reinar sobre&hellip;<\/p>\n","protected":false},"featured_media":327941,"comment_status":"open","ping_status":"closed","template":"","meta":[],"product_cat":[147,134],"product_tag":[],"_links":{"self":[{"href":"https:\/\/www.livrariarema.com.br\/loja\/wp-json\/wp\/v2\/product\/281306"}],"collection":[{"href":"https:\/\/www.livrariarema.com.br\/loja\/wp-json\/wp\/v2\/product"}],"about":[{"href":"https:\/\/www.livrariarema.com.br\/loja\/wp-json\/wp\/v2\/types\/product"}],"replies":[{"embeddable":true,"href":"https:\/\/www.livrariarema.com.br\/loja\/wp-json\/wp\/v2\/comments?post=281306"}],"wp:featuredmedia":[{"embeddable":true,"href":"https:\/\/www.livrariarema.com.br\/loja\/wp-json\/wp\/v2\/media\/327941"}],"wp:attachment":[{"href":"https:\/\/www.livrariarema.com.br\/loja\/wp-json\/wp\/v2\/media?parent=281306"}],"wp:term":[{"taxonomy":"product_cat","embeddable":true,"href":"https:\/\/www.livrariarema.com.br\/loja\/wp-json\/wp\/v2\/product_cat?post=281306"},{"taxonomy":"product_tag","embeddable":true,"href":"https:\/\/www.livrariarema.com.br\/loja\/wp-json\/wp\/v2\/product_tag?post=281306"}],"curies":[{"name":"wp","href":"https:\/\/api.w.org\/{rel}","templated":true}]}}