{"id":281493,"date":"2024-01-31T17:21:44","date_gmt":"2024-01-31T20:21:44","guid":{"rendered":"https:\/\/www.livrariarema.com.br\/loja\/produtos\/sem categoria\/comentario-exegetico-efesios-harold-w-hoehner\/"},"modified":"2026-02-20T12:28:15","modified_gmt":"2026-02-20T15:28:15","slug":"comentario-exegetico-efesios-harold-w-hoehner","status":"publish","type":"product","link":"https:\/\/www.livrariarema.com.br\/loja\/produtos\/promocao\/livros-promocao\/comentario-exegetico-efesios-harold-w-hoehner\/","title":{"rendered":"Coment\u00e1rio Exeg\u00e9tico: Ef\u00e9sios &#8211; Harold W. Hoehner"},"content":{"rendered":"<p>Harold Hoehner ensinou exegese b\u00edblica a milhares de estudantes ao longo dos \u00faltimos anos. Ele agora faz essa experi\u00eancia valer nesta obra.<\/p>\n<p>Depois de uma introdu\u00e7\u00e3o magistral e abrangente \u00e0 Carta de Ef\u00e9sios, o autor inclui uma ampla e detalhada bibliografia para estudos aprofundados da carta e ent\u00e3o mergulha no texto de Ef\u00e9sios vers\u00edculo por vers\u00edculo, fornecendo o texto grego, a tradu\u00e7\u00e3o e o coment\u00e1rio em detalhes. Ele interage extensivamente com a mais recente erudi\u00e7\u00e3o e apresenta uma an\u00e1lise adequada e profunda de cada quest\u00e3o debatida no livro.<\/p>\n","protected":false},"excerpt":{"rendered":"<p>Harold Hoehner ensinou exegese b\u00edblica a milhares de estudantes ao longo dos \u00faltimos anos. Ele agora faz essa experi\u00eancia valer&hellip;<\/p>\n","protected":false},"featured_media":344913,"comment_status":"open","ping_status":"closed","template":"","meta":[],"product_cat":[143,142],"product_tag":[],"_links":{"self":[{"href":"https:\/\/www.livrariarema.com.br\/loja\/wp-json\/wp\/v2\/product\/281493"}],"collection":[{"href":"https:\/\/www.livrariarema.com.br\/loja\/wp-json\/wp\/v2\/product"}],"about":[{"href":"https:\/\/www.livrariarema.com.br\/loja\/wp-json\/wp\/v2\/types\/product"}],"replies":[{"embeddable":true,"href":"https:\/\/www.livrariarema.com.br\/loja\/wp-json\/wp\/v2\/comments?post=281493"}],"wp:featuredmedia":[{"embeddable":true,"href":"https:\/\/www.livrariarema.com.br\/loja\/wp-json\/wp\/v2\/media\/344913"}],"wp:attachment":[{"href":"https:\/\/www.livrariarema.com.br\/loja\/wp-json\/wp\/v2\/media?parent=281493"}],"wp:term":[{"taxonomy":"product_cat","embeddable":true,"href":"https:\/\/www.livrariarema.com.br\/loja\/wp-json\/wp\/v2\/product_cat?post=281493"},{"taxonomy":"product_tag","embeddable":true,"href":"https:\/\/www.livrariarema.com.br\/loja\/wp-json\/wp\/v2\/product_tag?post=281493"}],"curies":[{"name":"wp","href":"https:\/\/api.w.org\/{rel}","templated":true}]}}