{"id":281504,"date":"2024-01-31T17:22:32","date_gmt":"2024-01-31T20:22:32","guid":{"rendered":"https:\/\/www.livrariarema.com.br\/loja\/produtos\/sem categoria\/historia-da-filosofia-e-teologia-ocidental-john-m-frame\/"},"modified":"2026-02-20T12:54:44","modified_gmt":"2026-02-20T15:54:44","slug":"historia-da-filosofia-e-teologia-ocidental-john-m-frame","status":"publish","type":"product","link":"https:\/\/www.livrariarema.com.br\/loja\/produtos\/livros\/filosofia\/historia-da-filosofia-e-teologia-ocidental-john-m-frame\/","title":{"rendered":"Hist\u00f3ria Da Filosofia E Teologia Ocidental &#8211; John M. Frame"},"content":{"rendered":"<p>Hist\u00f3ria da filosofia e da teologia ocidental \u00e9 fruto de quarenta e cinco anos de ensino de John Frame sobre temas filos\u00f3ficos. Nenhuma outra investiga\u00e7\u00e3o da hist\u00f3ria do pensamento ocidental oferece a mesma mistura revigorante de clareza expositiva, insight cr\u00edtico e sabedoria b\u00edblica. Complementada por guias de estudo, bibliografias, links para cita\u00e7\u00f5es famosas de pensadores influentes, vinte ap\u00eandices e um cap\u00edtulo de gloss\u00e1rio, este livro que ganhou o pr\u00eamio Gold Medallion Book Award \u00e9 uma excelente escolha como manual para cursos de n\u00edvel universit\u00e1rio, semin\u00e1rios e estudo pessoal.<\/p>\n","protected":false},"excerpt":{"rendered":"<p>Hist\u00f3ria da filosofia e da teologia ocidental \u00e9 fruto de quarenta e cinco anos de ensino de John Frame sobre&hellip;<\/p>\n","protected":false},"featured_media":344944,"comment_status":"open","ping_status":"closed","template":"","meta":[],"product_cat":[201,134],"product_tag":[],"_links":{"self":[{"href":"https:\/\/www.livrariarema.com.br\/loja\/wp-json\/wp\/v2\/product\/281504"}],"collection":[{"href":"https:\/\/www.livrariarema.com.br\/loja\/wp-json\/wp\/v2\/product"}],"about":[{"href":"https:\/\/www.livrariarema.com.br\/loja\/wp-json\/wp\/v2\/types\/product"}],"replies":[{"embeddable":true,"href":"https:\/\/www.livrariarema.com.br\/loja\/wp-json\/wp\/v2\/comments?post=281504"}],"wp:featuredmedia":[{"embeddable":true,"href":"https:\/\/www.livrariarema.com.br\/loja\/wp-json\/wp\/v2\/media\/344944"}],"wp:attachment":[{"href":"https:\/\/www.livrariarema.com.br\/loja\/wp-json\/wp\/v2\/media?parent=281504"}],"wp:term":[{"taxonomy":"product_cat","embeddable":true,"href":"https:\/\/www.livrariarema.com.br\/loja\/wp-json\/wp\/v2\/product_cat?post=281504"},{"taxonomy":"product_tag","embeddable":true,"href":"https:\/\/www.livrariarema.com.br\/loja\/wp-json\/wp\/v2\/product_tag?post=281504"}],"curies":[{"name":"wp","href":"https:\/\/api.w.org\/{rel}","templated":true}]}}