{"id":281562,"date":"2024-01-31T17:27:36","date_gmt":"2024-01-31T20:27:36","guid":{"rendered":"https:\/\/www.livrariarema.com.br\/loja\/produtos\/sem categoria\/serie-mulheres-da-biblia-abigail-nancy-demoss-wolgemuth\/"},"modified":"2026-04-22T17:10:42","modified_gmt":"2026-04-22T20:10:42","slug":"serie-mulheres-da-biblia-abigail-nancy-demoss-wolgemuth","status":"publish","type":"product","link":"https:\/\/www.livrariarema.com.br\/loja\/produtos\/livros\/mulher\/serie-mulheres-da-biblia-abigail-nancy-demoss-wolgemuth\/","title":{"rendered":"S\u00e9rie Mulheres Da B\u00edblia &#8211; Abigail &#8211; Nancy Demoss Wolgemuth"},"content":{"rendered":"<p>APRENDA A TRATAR COM GRA\u00c7A E DIGNIDADE OS OUTROS<\/p>\n<p>1Samuel 25 relata uma hist\u00f3ria incr\u00edvel de uma mulher extraordin\u00e1ria que fazia exatamente isso. Ela n\u00e3o \u00e9 t\u00e3o conhecida como outras mulheres na B\u00edblia, como Maria de Nazar\u00e9, D\u00e9bora ou Sara. Mas Abigail tem muito a nos ensinar pelo exemplo de sua vida.<\/p>\n<p>Pode ser que voc\u00ea tenha uma dessas pessoas dif\u00edceis em sua casa, local de trabalho, igreja ou vizinhan\u00e7a. A quest\u00e3o \u00e9: como viver com esse tipo de pessoa? Como responder com sabedoria quando lida com algu\u00e9m \u00edmpio ou insensato?<\/p>\n<p>Ao longo das pr\u00f3ximas seis semanas voc\u00ea pode encontrar maneiras pr\u00e1ticas de colocar a Palavra de Deus em a\u00e7\u00e3o e descobrir sabedoria para lidar com pessoas dif\u00edceis, n\u00e3o apenas para tornar sua vida mais f\u00e1cil, mas para que suas palavras, a\u00e7\u00f5es e atitude glorifiquem nosso Pai celestial e tornem seu nome conhecido em toda a terra.<\/p>\n","protected":false},"excerpt":{"rendered":"<p>APRENDA A TRATAR COM GRA\u00c7A E DIGNIDADE OS OUTROS 1Samuel 25 relata uma hist\u00f3ria incr\u00edvel de uma mulher extraordin\u00e1ria que&hellip;<\/p>\n","protected":false},"featured_media":345843,"comment_status":"open","ping_status":"closed","template":"","meta":[],"product_cat":[134,170],"product_tag":[],"_links":{"self":[{"href":"https:\/\/www.livrariarema.com.br\/loja\/wp-json\/wp\/v2\/product\/281562"}],"collection":[{"href":"https:\/\/www.livrariarema.com.br\/loja\/wp-json\/wp\/v2\/product"}],"about":[{"href":"https:\/\/www.livrariarema.com.br\/loja\/wp-json\/wp\/v2\/types\/product"}],"replies":[{"embeddable":true,"href":"https:\/\/www.livrariarema.com.br\/loja\/wp-json\/wp\/v2\/comments?post=281562"}],"wp:featuredmedia":[{"embeddable":true,"href":"https:\/\/www.livrariarema.com.br\/loja\/wp-json\/wp\/v2\/media\/345843"}],"wp:attachment":[{"href":"https:\/\/www.livrariarema.com.br\/loja\/wp-json\/wp\/v2\/media?parent=281562"}],"wp:term":[{"taxonomy":"product_cat","embeddable":true,"href":"https:\/\/www.livrariarema.com.br\/loja\/wp-json\/wp\/v2\/product_cat?post=281562"},{"taxonomy":"product_tag","embeddable":true,"href":"https:\/\/www.livrariarema.com.br\/loja\/wp-json\/wp\/v2\/product_tag?post=281562"}],"curies":[{"name":"wp","href":"https:\/\/api.w.org\/{rel}","templated":true}]}}