{"id":281644,"date":"2024-02-01T12:23:20","date_gmt":"2024-02-01T15:23:20","guid":{"rendered":"https:\/\/www.livrariarema.com.br\/loja\/produtos\/sem%20categoria\/amy-carmichael-um-legado-de-renuncia-e-entrega-elisabeth-elliot\/"},"modified":"2026-03-16T13:27:26","modified_gmt":"2026-03-16T16:27:26","slug":"amy-carmichael-um-legado-de-renuncia-e-entrega-elisabeth-elliot","status":"publish","type":"product","link":"https:\/\/www.livrariarema.com.br\/loja\/produtos\/livros\/biografia\/amy-carmichael-um-legado-de-renuncia-e-entrega-elisabeth-elliot\/","title":{"rendered":"Amy Carmichael: Um Legado De Ren\u00fancia E Entrega &#8211; Elisabeth Elliot"},"content":{"rendered":"<p>INSPIRE-SE EM UMA F\u00c9 QUE OUSOU SEGUIR A JESUS<\/p>\n<p>Em &#8220;Amy Carmichael, um legado de ren\u00fancia e entrega&#8221;, a autora Elisabeth Elliot conta, por meio de fotos e narrativa biogr\u00e1fica realista, a vibrante hist\u00f3ria de Amy Beatrice Carmichael (1867-1951), uma mission\u00e1ria irlandesa que, por amor incondicional a Cristo, passou mais de 55 anos ininterruptos de sua vida no sul da \u00cdndia, onde fundou a miss\u00e3o Dohnavur, um ref\u00fagio para crian\u00e7as \u00f3rf\u00e3s, rejeitadas e vendidas para o templo hindu. Ao destacar a confian\u00e7a e obedi\u00eancia de Amy, Elisabeth ressalta o testemunho de uma mulher cuja resposta leal ao chamado de seu Senhor, &#8220;Vem e segue-me&#8221;, fez uma diferen\u00e7a incalcul\u00e1vel em sua pr\u00f3pria vida, e convida os leitores a examinarem as profundezas de seu pr\u00f3prio compromisso com Cristo.<\/p>\n","protected":false},"excerpt":{"rendered":"<p>INSPIRE-SE EM UMA F\u00c9 QUE OUSOU SEGUIR A JESUS Em &#8220;Amy Carmichael, um legado de ren\u00fancia e entrega&#8221;, a autora&hellip;<\/p>\n","protected":false},"featured_media":346297,"comment_status":"open","ping_status":"closed","template":"","meta":[],"product_cat":[181,134],"product_tag":[],"_links":{"self":[{"href":"https:\/\/www.livrariarema.com.br\/loja\/wp-json\/wp\/v2\/product\/281644"}],"collection":[{"href":"https:\/\/www.livrariarema.com.br\/loja\/wp-json\/wp\/v2\/product"}],"about":[{"href":"https:\/\/www.livrariarema.com.br\/loja\/wp-json\/wp\/v2\/types\/product"}],"replies":[{"embeddable":true,"href":"https:\/\/www.livrariarema.com.br\/loja\/wp-json\/wp\/v2\/comments?post=281644"}],"wp:featuredmedia":[{"embeddable":true,"href":"https:\/\/www.livrariarema.com.br\/loja\/wp-json\/wp\/v2\/media\/346297"}],"wp:attachment":[{"href":"https:\/\/www.livrariarema.com.br\/loja\/wp-json\/wp\/v2\/media?parent=281644"}],"wp:term":[{"taxonomy":"product_cat","embeddable":true,"href":"https:\/\/www.livrariarema.com.br\/loja\/wp-json\/wp\/v2\/product_cat?post=281644"},{"taxonomy":"product_tag","embeddable":true,"href":"https:\/\/www.livrariarema.com.br\/loja\/wp-json\/wp\/v2\/product_tag?post=281644"}],"curies":[{"name":"wp","href":"https:\/\/api.w.org\/{rel}","templated":true}]}}