{"id":282368,"date":"2024-02-06T11:58:37","date_gmt":"2024-02-06T14:58:37","guid":{"rendered":"https:\/\/www.livrariarema.com.br\/loja\/produtos\/sem%20categoria\/sem-tempo-para-deus-gloria-furman\/"},"modified":"2026-03-16T13:34:30","modified_gmt":"2026-03-16T16:34:30","slug":"sem-tempo-para-deus-gloria-furman","status":"publish","type":"product","link":"https:\/\/www.livrariarema.com.br\/loja\/produtos\/livros\/familia\/sem-tempo-para-deus-gloria-furman\/","title":{"rendered":"Sem Tempo Para Deus &#8211; Gloria Furman"},"content":{"rendered":"<p>Intimidade com Cristo para m\u00e3es atarefadas.<BR><br \/>\n<BR><br \/>\nSer m\u00e3e \u00e9 trabalho \u00e1rduo e parece que a lista de afazeres s\u00f3 cresce a cada dia, tornando dif\u00edcil experimentar a verdadeira alegria em Deus. Neste livro encorajador para mam\u00e3es ocupadas, Gloria Furman a auxiliar\u00e1 a conformar a sua vis\u00e3o de maternidade com o que a B\u00edblia ensina. Mostrando como buscar um relacionamento vibrante com Deus, mesmo quando a roupa suja ainda precisa ser lavada , este livro ir\u00e1 ajud\u00e1-la a valorizar Cristo mais profundamente.<\/p>\n","protected":false},"excerpt":{"rendered":"<p>Intimidade com Cristo para m\u00e3es atarefadas. Ser m\u00e3e \u00e9 trabalho \u00e1rduo e parece que a lista de afazeres s\u00f3 cresce&hellip;<\/p>\n","protected":false},"featured_media":346333,"comment_status":"open","ping_status":"closed","template":"","meta":[],"product_cat":[178,134],"product_tag":[],"_links":{"self":[{"href":"https:\/\/www.livrariarema.com.br\/loja\/wp-json\/wp\/v2\/product\/282368"}],"collection":[{"href":"https:\/\/www.livrariarema.com.br\/loja\/wp-json\/wp\/v2\/product"}],"about":[{"href":"https:\/\/www.livrariarema.com.br\/loja\/wp-json\/wp\/v2\/types\/product"}],"replies":[{"embeddable":true,"href":"https:\/\/www.livrariarema.com.br\/loja\/wp-json\/wp\/v2\/comments?post=282368"}],"wp:featuredmedia":[{"embeddable":true,"href":"https:\/\/www.livrariarema.com.br\/loja\/wp-json\/wp\/v2\/media\/346333"}],"wp:attachment":[{"href":"https:\/\/www.livrariarema.com.br\/loja\/wp-json\/wp\/v2\/media?parent=282368"}],"wp:term":[{"taxonomy":"product_cat","embeddable":true,"href":"https:\/\/www.livrariarema.com.br\/loja\/wp-json\/wp\/v2\/product_cat?post=282368"},{"taxonomy":"product_tag","embeddable":true,"href":"https:\/\/www.livrariarema.com.br\/loja\/wp-json\/wp\/v2\/product_tag?post=282368"}],"curies":[{"name":"wp","href":"https:\/\/api.w.org\/{rel}","templated":true}]}}