{"id":283796,"date":"2024-02-09T17:06:27","date_gmt":"2024-02-09T20:06:27","guid":{"rendered":"https:\/\/www.livrariarema.com.br\/loja\/produtos\/sem%20categoria\/jesus-nao-e-quem-voce-pensa-tiago-mattes\/"},"modified":"2026-02-24T12:22:17","modified_gmt":"2026-02-24T15:22:17","slug":"jesus-nao-e-quem-voce-pensa-tiago-mattes","status":"publish","type":"product","link":"https:\/\/www.livrariarema.com.br\/loja\/produtos\/livros\/cristologia\/jesus-nao-e-quem-voce-pensa-tiago-mattes\/","title":{"rendered":"Jesus N\u00e3o \u00c9 Quem Voc\u00ea Pensa &#8211; Tiago Mattes"},"content":{"rendered":"<p>QUEM \u00c9 JESUS?<\/p>\n<p>A resposta que voc\u00ea d\u00e1 a essa pergunta \u00e9 crucial. Ent\u00e3o, quem \u00e9 Jesus para voc\u00ea? Um Gandhi do primeiro s\u00e9culo? Talvez Jesus seja a pessoa para quem voc\u00ea ora quando quer muito alguma coisa, ou ele \u00e9 o culpado quando algo ruim acontece. Quem sabe, voc\u00ea ache Jesus um cara bacana, mas que nunca pensou em fundar uma religi\u00e3o. Por\u00e9m, uma quest\u00e3o persiste:<\/p>\n<p>Se Jesus era apenas um &#8220;cara legal&#8221;,<br \/>\npor que ele foi crucificado?<\/p>\n<p>A resposta \u00e9 que Jesus n\u00e3o foi simplesmente um homem bom. Ele foi, e \u00e9, muito mais que isso! Contudo, se n\u00e3o o conhecermos verdadeiramente, corremos o risco de nos relacionar com um \u00eddolo criado pela nossa imagina\u00e7\u00e3o. Foi isso o que aconteceu com as pessoas do tempo de Jesus: elas formaram conceitos que n\u00e3o correspondiam a quem ele era e tiveram suas expectativas frustradas.<br \/>\nNeste livro, convido voc\u00ea a embarcar em uma jornada pelo Evangelho de Jo\u00e3o para conhecer o verdadeiro Jesus. Ao compreender quem ele realmente \u00e9, responderemos com convic\u00e7\u00e3o a essa pergunta-chave, que \u00e9 a mais importante de nossas vidas.<\/p>\n","protected":false},"excerpt":{"rendered":"<p>QUEM \u00c9 JESUS? A resposta que voc\u00ea d\u00e1 a essa pergunta \u00e9 crucial. Ent\u00e3o, quem \u00e9 Jesus para voc\u00ea? Um&hellip;<\/p>\n","protected":false},"featured_media":345300,"comment_status":"open","ping_status":"closed","template":"","meta":[],"product_cat":[154,134],"product_tag":[],"_links":{"self":[{"href":"https:\/\/www.livrariarema.com.br\/loja\/wp-json\/wp\/v2\/product\/283796"}],"collection":[{"href":"https:\/\/www.livrariarema.com.br\/loja\/wp-json\/wp\/v2\/product"}],"about":[{"href":"https:\/\/www.livrariarema.com.br\/loja\/wp-json\/wp\/v2\/types\/product"}],"replies":[{"embeddable":true,"href":"https:\/\/www.livrariarema.com.br\/loja\/wp-json\/wp\/v2\/comments?post=283796"}],"wp:featuredmedia":[{"embeddable":true,"href":"https:\/\/www.livrariarema.com.br\/loja\/wp-json\/wp\/v2\/media\/345300"}],"wp:attachment":[{"href":"https:\/\/www.livrariarema.com.br\/loja\/wp-json\/wp\/v2\/media?parent=283796"}],"wp:term":[{"taxonomy":"product_cat","embeddable":true,"href":"https:\/\/www.livrariarema.com.br\/loja\/wp-json\/wp\/v2\/product_cat?post=283796"},{"taxonomy":"product_tag","embeddable":true,"href":"https:\/\/www.livrariarema.com.br\/loja\/wp-json\/wp\/v2\/product_tag?post=283796"}],"curies":[{"name":"wp","href":"https:\/\/api.w.org\/{rel}","templated":true}]}}