{"id":284879,"date":"2024-02-19T12:52:25","date_gmt":"2024-02-19T15:52:25","guid":{"rendered":"https:\/\/www.livrariarema.com.br\/loja\/produtos\/sem%20categoria\/biblia-com-harpa-crista-naa-letra-grande-luxo-preta\/"},"modified":"2026-01-08T13:30:28","modified_gmt":"2026-01-08T16:30:28","slug":"biblia-com-harpa-crista-naa-letra-grande-luxo-preta","status":"publish","type":"product","link":"https:\/\/www.livrariarema.com.br\/loja\/produtos\/biblias\/nova-almeida-atualizada\/biblia-com-harpa-crista-naa-letra-grande-luxo-preta\/","title":{"rendered":"Na065hlg &#8211; B\u00edblia Com Harpa Crist\u00e3 &#8211; Naa &#8211; Letra Grande &#8211; Luxo &#8211; Preta"},"content":{"rendered":"<p>Um exemplar da palavra de Deus que concilia beleza, conte\u00fado e praticidade. B\u00edblia com texto b\u00edblico na vers\u00e3o Nova Almeida Atualizada e o famoso hin\u00e1rio Harpa Crist\u00e3.<\/p>\n<p>-\u00cdndice das Primeiras Linhas das Estrofes<br \/>\n&#8211; Harpa Crist\u00e3 letra dos 636 hinos<br \/>\n-Textos Famosos da Biblia<br \/>\n-Marcador de B\u00edblia<br \/>\n-\u00cdndice<br \/>\n-Mapas<\/p>\n","protected":false},"excerpt":{"rendered":"<p>Um exemplar da palavra de Deus que concilia beleza, conte\u00fado e praticidade. B\u00edblia com texto b\u00edblico na vers\u00e3o Nova Almeida&hellip;<\/p>\n","protected":false},"featured_media":337102,"comment_status":"open","ping_status":"closed","template":"","meta":[],"product_cat":[139,174],"product_tag":[],"_links":{"self":[{"href":"https:\/\/www.livrariarema.com.br\/loja\/wp-json\/wp\/v2\/product\/284879"}],"collection":[{"href":"https:\/\/www.livrariarema.com.br\/loja\/wp-json\/wp\/v2\/product"}],"about":[{"href":"https:\/\/www.livrariarema.com.br\/loja\/wp-json\/wp\/v2\/types\/product"}],"replies":[{"embeddable":true,"href":"https:\/\/www.livrariarema.com.br\/loja\/wp-json\/wp\/v2\/comments?post=284879"}],"wp:featuredmedia":[{"embeddable":true,"href":"https:\/\/www.livrariarema.com.br\/loja\/wp-json\/wp\/v2\/media\/337102"}],"wp:attachment":[{"href":"https:\/\/www.livrariarema.com.br\/loja\/wp-json\/wp\/v2\/media?parent=284879"}],"wp:term":[{"taxonomy":"product_cat","embeddable":true,"href":"https:\/\/www.livrariarema.com.br\/loja\/wp-json\/wp\/v2\/product_cat?post=284879"},{"taxonomy":"product_tag","embeddable":true,"href":"https:\/\/www.livrariarema.com.br\/loja\/wp-json\/wp\/v2\/product_tag?post=284879"}],"curies":[{"name":"wp","href":"https:\/\/api.w.org\/{rel}","templated":true}]}}