{"id":284897,"date":"2024-02-19T12:53:52","date_gmt":"2024-02-19T15:53:52","guid":{"rendered":"https:\/\/www.livrariarema.com.br\/loja\/produtos\/sem categoria\/biblia-do-pescador-de-almas-media-luxo-preta\/"},"modified":"2025-08-18T14:39:23","modified_gmt":"2025-08-18T17:39:23","slug":"biblia-do-pescador-de-almas-media-luxo-preta","status":"publish","type":"product","link":"https:\/\/www.livrariarema.com.br\/loja\/produtos\/biblias\/estudo\/biblia-do-pescador-de-almas-media-luxo-preta\/","title":{"rendered":"B\u00edblia Do Pescador De Almas M\u00e9dia &#8211; Luxo &#8211; Preta"},"content":{"rendered":"<p>Como responder a uma pergunta sobre Mormonismo sem ter um manual de religi\u00f5es \u00e0 m\u00e3o?<br \/>\nComo dar um r\u00e1pido conselho sobre preven\u00e7\u00e3o dos v\u00edcios?<br \/>\nComo explicar o que \u00e9 adora\u00e7\u00e3o ou algum outro tema semelhante?<\/p>\n<p>A B\u00edblia do Pescador oferece respostas \u00fateis para pastores, l\u00edderes, crist\u00e3os em geral e todo aquele que milita no minist\u00e9rio do evangelismo pessoal.<br \/>\nAtrav\u00e9s de mais de 500 notas de vers\u00edculos, aborda de forma acess\u00edvel, conceitos fundamentais que tornam simples e claro a evangeliza\u00e7\u00e3o, o discipulado e o aconselhamento de pessoas em nosso dia a dia.<br \/>\nO conte\u00fado na B\u00edblia do Pescador permite ter em m\u00e3os o que Deus disse em sua Palavra sobre:<\/p>\n<p>1. Apolog\u00e9tica &#8211; enfoque sobre religi\u00f5es e seitas;<br \/>\n2. Evangelismo &#8211; enfoque na evangeliza\u00e7\u00e3o;<br \/>\n3. Igreja &#8211; enfoque no trabalho ministerial;<br \/>\n4. Devo\u00e7\u00e3o\/devocional &#8211; enfoque na vida crist\u00e3 particular;<br \/>\n5. Doutrina crist\u00e3 &#8211; enfoque nos fundamentos da f\u00e9 crist\u00e3;<br \/>\n6. Aconselhamento &#8211; enfoque na ministra\u00e7\u00e3o de aux\u00edlio a pessoas.<\/p>\n<p>Cada uma dessas se\u00e7\u00f5es \u00e9 representada por um artigo mais detalhado situado em pontos diferentes no interior da B\u00edblia.<br \/>\nAo longo de todo o texto b\u00edblico, os vers\u00edculos chave est\u00e3o sombreados e ainda incluem notas de rodap\u00e9 identificadas pelos \u00edcones das se\u00e7\u00f5es tem\u00e1ticas. Al\u00e9m disto, a B\u00edblia do Pescador ainda inclui artigos e um gloss\u00e1rio de termos essenciais chamado mar adentro.<\/p>\n<p>Neste exemplar voc\u00ea encontra:<br \/>\n-Mapas<br \/>\n-Marcador de B\u00edblia<\/p>\n","protected":false},"excerpt":{"rendered":"<p>Como responder a uma pergunta sobre Mormonismo sem ter um manual de religi\u00f5es \u00e0 m\u00e3o? Como dar um r\u00e1pido conselho&hellip;<\/p>\n","protected":false},"featured_media":335459,"comment_status":"open","ping_status":"closed","template":"","meta":[],"product_cat":[139,140],"product_tag":[],"_links":{"self":[{"href":"https:\/\/www.livrariarema.com.br\/loja\/wp-json\/wp\/v2\/product\/284897"}],"collection":[{"href":"https:\/\/www.livrariarema.com.br\/loja\/wp-json\/wp\/v2\/product"}],"about":[{"href":"https:\/\/www.livrariarema.com.br\/loja\/wp-json\/wp\/v2\/types\/product"}],"replies":[{"embeddable":true,"href":"https:\/\/www.livrariarema.com.br\/loja\/wp-json\/wp\/v2\/comments?post=284897"}],"wp:featuredmedia":[{"embeddable":true,"href":"https:\/\/www.livrariarema.com.br\/loja\/wp-json\/wp\/v2\/media\/335459"}],"wp:attachment":[{"href":"https:\/\/www.livrariarema.com.br\/loja\/wp-json\/wp\/v2\/media?parent=284897"}],"wp:term":[{"taxonomy":"product_cat","embeddable":true,"href":"https:\/\/www.livrariarema.com.br\/loja\/wp-json\/wp\/v2\/product_cat?post=284897"},{"taxonomy":"product_tag","embeddable":true,"href":"https:\/\/www.livrariarema.com.br\/loja\/wp-json\/wp\/v2\/product_tag?post=284897"}],"curies":[{"name":"wp","href":"https:\/\/api.w.org\/{rel}","templated":true}]}}