{"id":284900,"date":"2024-02-19T12:54:04","date_gmt":"2024-02-19T15:54:04","guid":{"rendered":"https:\/\/www.livrariarema.com.br\/loja\/produtos\/sem categoria\/biblia-de-estudo-obreiro-aprovado-com-harpa-crista-media-azul\/"},"modified":"2026-02-07T12:20:33","modified_gmt":"2026-02-07T15:20:33","slug":"biblia-de-estudo-obreiro-aprovado-com-harpa-crista-media-azul","status":"publish","type":"product","link":"https:\/\/www.livrariarema.com.br\/loja\/produtos\/biblias\/estudo\/biblia-de-estudo-obreiro-aprovado-com-harpa-crista-media-azul\/","title":{"rendered":"Biblia De Estudo Obreiro Aprovado Com Harpa Crist\u00e3 &#8211; M\u00e9dia &#8211; Azul"},"content":{"rendered":"<p>Com o objetivo de auxiliar os Ministros do Evangelho em suas atividades eclesi\u00e1sticas, voc\u00ea encontra a B\u00edblia Obreiro Aprovado. Facilitando as prega\u00e7\u00f5es, os estudos e a dire\u00e7\u00e3o para os eventos e cerim\u00f4nias de sua igreja. Atualizada pelo novo acordo ortogr\u00e1fico da l\u00edngua portuguesa. A B\u00edblia foi desenvolvida por se\u00e7\u00f5es auxiliando o leitor, de modo din\u00e2mico e pr\u00e1tico, o seu manuseio. Escrita por renomados pastores, mission\u00e1rios, educadores, pregadores e profissionais crist\u00e3os em uma \u00fanica obra, a B\u00edblia Obreiro Aprovado tem a finalidade de auxiliar aos obreiros em um guia pr\u00e1tico de Teologia Pastoral, Administra\u00e7\u00e3o Eclesi\u00e1stica, Educa\u00e7\u00e3o Crist\u00e3 e Missiologia. Neste exemplar voc\u00ea tamb\u00e9m encontra os seguintes recursos:<br \/>\n&#8211; S\u00edntese dos Livros;<br \/>\n&#8211; Dicion\u00e1rio B\u00edblico Mcnair;<br \/>\n&#8211; Artigos;<br \/>\n&#8211; Harpa Crist\u00e3;<br \/>\n&#8211; Manual de Cerim\u00f4nias;<br \/>\n&#8211; Mapas.<\/p>\n","protected":false},"excerpt":{"rendered":"<p>Com o objetivo de auxiliar os Ministros do Evangelho em suas atividades eclesi\u00e1sticas, voc\u00ea encontra a B\u00edblia Obreiro Aprovado. Facilitando&hellip;<\/p>\n","protected":false},"featured_media":335461,"comment_status":"open","ping_status":"closed","template":"","meta":[],"product_cat":[139,140],"product_tag":[],"_links":{"self":[{"href":"https:\/\/www.livrariarema.com.br\/loja\/wp-json\/wp\/v2\/product\/284900"}],"collection":[{"href":"https:\/\/www.livrariarema.com.br\/loja\/wp-json\/wp\/v2\/product"}],"about":[{"href":"https:\/\/www.livrariarema.com.br\/loja\/wp-json\/wp\/v2\/types\/product"}],"replies":[{"embeddable":true,"href":"https:\/\/www.livrariarema.com.br\/loja\/wp-json\/wp\/v2\/comments?post=284900"}],"wp:featuredmedia":[{"embeddable":true,"href":"https:\/\/www.livrariarema.com.br\/loja\/wp-json\/wp\/v2\/media\/335461"}],"wp:attachment":[{"href":"https:\/\/www.livrariarema.com.br\/loja\/wp-json\/wp\/v2\/media?parent=284900"}],"wp:term":[{"taxonomy":"product_cat","embeddable":true,"href":"https:\/\/www.livrariarema.com.br\/loja\/wp-json\/wp\/v2\/product_cat?post=284900"},{"taxonomy":"product_tag","embeddable":true,"href":"https:\/\/www.livrariarema.com.br\/loja\/wp-json\/wp\/v2\/product_tag?post=284900"}],"curies":[{"name":"wp","href":"https:\/\/api.w.org\/{rel}","templated":true}]}}