{"id":286772,"date":"2024-03-05T13:24:44","date_gmt":"2024-03-05T16:24:44","guid":{"rendered":"https:\/\/www.livrariarema.com.br\/loja\/produtos\/sem categoria\/batizados-no-espirito-frank-macchia\/"},"modified":"2026-02-24T13:51:39","modified_gmt":"2026-02-24T16:51:39","slug":"batizados-no-espirito-frank-macchia","status":"publish","type":"product","link":"https:\/\/www.livrariarema.com.br\/loja\/produtos\/livros\/vida-crista\/batizados-no-espirito-frank-macchia\/","title":{"rendered":"Batizados No Esp\u00edrito &#8211; Frank Macchia"},"content":{"rendered":"<p>Negligenciar o Esp\u00edrito \u00e9 se contentar em apenas espiar a Terra Prometida.<br \/>\nPara muitos, o batismo no Esp\u00edrito \u00e9 a marca distintiva da tradi\u00e7\u00e3o pentecostal. Contudo, a articula\u00e7\u00e3o dessa doutrina n\u00e3o foi desenvolvida adequadamente, permanecendo desconectada de \u00e1reas teol\u00f3gicas mais amplas. Por outro lado, boa parte dos crist\u00e3os de outras tradi\u00e7\u00f5es negligenciam o Esp\u00edrito Santo e, assim, deixam de experimentar esta grande b\u00ean\u00e7\u00e3o legada por Jesus &#8211; em outras palavras, se satisfazem em apenas vislumbrar a Terra Prometida.<br \/>\nNeste livro, o professor e pastor pentecostal Frank Macchia busca sistematizar os principais temas teol\u00f3gicos a partir da experi\u00eancia do batismo no Esp\u00edrito. Ao fazer isso, Macchia tanto defende a legitimidade da exegese pentecostal acerca dessa doutrina &#8211; relacionando-a com outros loci teol\u00f3gicos -, como demonstra de que formas a compreens\u00e3o pentecostal do batismo no Esp\u00edrito pode contribuir com o di\u00e1logo inter-religioso das v\u00e1rias tradi\u00e7\u00f5es crist\u00e3s.<br \/>\nEcum\u00eanico, inteligente e inovador, Batizados no Esp\u00edrito j\u00e1 \u00e9 uma obra incontorn\u00e1vel para todos que desejam se aprofundar na tradi\u00e7\u00e3o pentecostal-carism\u00e1tica &#8211; sejam pentecostais ou n\u00e3o.<\/p>\n","protected":false},"excerpt":{"rendered":"<p>Negligenciar o Esp\u00edrito \u00e9 se contentar em apenas espiar a Terra Prometida. Para muitos, o batismo no Esp\u00edrito \u00e9 a&hellip;<\/p>\n","protected":false},"featured_media":345370,"comment_status":"open","ping_status":"closed","template":"","meta":[],"product_cat":[134,137],"product_tag":[],"_links":{"self":[{"href":"https:\/\/www.livrariarema.com.br\/loja\/wp-json\/wp\/v2\/product\/286772"}],"collection":[{"href":"https:\/\/www.livrariarema.com.br\/loja\/wp-json\/wp\/v2\/product"}],"about":[{"href":"https:\/\/www.livrariarema.com.br\/loja\/wp-json\/wp\/v2\/types\/product"}],"replies":[{"embeddable":true,"href":"https:\/\/www.livrariarema.com.br\/loja\/wp-json\/wp\/v2\/comments?post=286772"}],"wp:featuredmedia":[{"embeddable":true,"href":"https:\/\/www.livrariarema.com.br\/loja\/wp-json\/wp\/v2\/media\/345370"}],"wp:attachment":[{"href":"https:\/\/www.livrariarema.com.br\/loja\/wp-json\/wp\/v2\/media?parent=286772"}],"wp:term":[{"taxonomy":"product_cat","embeddable":true,"href":"https:\/\/www.livrariarema.com.br\/loja\/wp-json\/wp\/v2\/product_cat?post=286772"},{"taxonomy":"product_tag","embeddable":true,"href":"https:\/\/www.livrariarema.com.br\/loja\/wp-json\/wp\/v2\/product_tag?post=286772"}],"curies":[{"name":"wp","href":"https:\/\/api.w.org\/{rel}","templated":true}]}}