{"id":286774,"date":"2024-03-05T13:24:50","date_gmt":"2024-03-05T16:24:50","guid":{"rendered":"https:\/\/www.livrariarema.com.br\/loja\/produtos\/sem%20categoria\/cristianismo-a-prova-rebecca-mclaughlin\/"},"modified":"2026-05-04T15:50:33","modified_gmt":"2026-05-04T18:50:33","slug":"cristianismo-a-prova-rebecca-mclaughlin","status":"publish","type":"product","link":"https:\/\/www.livrariarema.com.br\/loja\/produtos\/livros\/cristianismo\/cristianismo-a-prova-rebecca-mclaughlin\/","title":{"rendered":"Cristianismo \u00c0 Prova &#8211; Rebecca Mclaughlin"},"content":{"rendered":"<p>Cada vez mais, parece comum questionar a relev\u00e2ncia do cristianismo para responder aos anseios, clamores e d\u00favidas das novas gera\u00e7\u00f5es. A f\u00e9 em uma religi\u00e3o institucionalizada soa como algo ultrapassado em um mundo cada vez mais complexo e em constante transforma\u00e7\u00e3o. Ser\u00e1 que os crist\u00e3os t\u00eam respostas convincentes a dar?<br \/>\nEm Cristianismo \u00e0 prova, Rebecca McLaughlin enfrenta esse desafio e coloca o cristianismo no banco dos r\u00e9us por meio de doze quest\u00f5es: <\/p>\n<p>&#8211; N\u00e3o estamos melhor sem religi\u00e3o? <br \/>\n&#8211; O cristianismo n\u00e3o acaba com a diversidade? <br \/>\n&#8211; Como voc\u00ea pode dizer que s\u00f3 h\u00e1 uma f\u00e9 verdadeira? <br \/>\n&#8211; A religi\u00e3o n\u00e3o prejudica a moralidade? <br \/>\n&#8211; A religi\u00e3o n\u00e3o causa viol\u00eancia? <br \/>\n&#8211; Como voc\u00ea pode aceitar a B\u00edblia literalmente? <br \/>\n&#8211; A ci\u00eancia n\u00e3o refutou o cristianismo? <br \/>\n&#8211; O cristianismo n\u00e3o rebaixa as mulheres? <br \/>\n&#8211; O cristianismo n\u00e3o \u00e9 homof\u00f3bico? <br \/>\n&#8211; A B\u00edblia n\u00e3o justifica a escravid\u00e3o? <br \/>\n&#8211; Como um Deus amoroso permite tanto sofrimento? <br \/>\n&#8211; Como um Deus amoroso pode mandar pessoas para o inferno?<\/p>\n<p>Instigante e b\u00edblico, Cristianismo \u00e0 prova demonstra como a igreja pode responder a t\u00f3picos sens\u00edveis para a sociedade atual e, assim, construir uma ponte entre aqueles que tem d\u00favidas e a Palavra de Deus.<\/p>\n","protected":false},"excerpt":{"rendered":"<p>Cada vez mais, parece comum questionar a relev\u00e2ncia do cristianismo para responder aos anseios, clamores e d\u00favidas das novas gera\u00e7\u00f5es.&hellip;<\/p>\n","protected":false},"featured_media":347793,"comment_status":"open","ping_status":"closed","template":"","meta":[],"product_cat":[244,134],"product_tag":[],"_links":{"self":[{"href":"https:\/\/www.livrariarema.com.br\/loja\/wp-json\/wp\/v2\/product\/286774"}],"collection":[{"href":"https:\/\/www.livrariarema.com.br\/loja\/wp-json\/wp\/v2\/product"}],"about":[{"href":"https:\/\/www.livrariarema.com.br\/loja\/wp-json\/wp\/v2\/types\/product"}],"replies":[{"embeddable":true,"href":"https:\/\/www.livrariarema.com.br\/loja\/wp-json\/wp\/v2\/comments?post=286774"}],"wp:featuredmedia":[{"embeddable":true,"href":"https:\/\/www.livrariarema.com.br\/loja\/wp-json\/wp\/v2\/media\/347793"}],"wp:attachment":[{"href":"https:\/\/www.livrariarema.com.br\/loja\/wp-json\/wp\/v2\/media?parent=286774"}],"wp:term":[{"taxonomy":"product_cat","embeddable":true,"href":"https:\/\/www.livrariarema.com.br\/loja\/wp-json\/wp\/v2\/product_cat?post=286774"},{"taxonomy":"product_tag","embeddable":true,"href":"https:\/\/www.livrariarema.com.br\/loja\/wp-json\/wp\/v2\/product_tag?post=286774"}],"curies":[{"name":"wp","href":"https:\/\/api.w.org\/{rel}","templated":true}]}}