{"id":286776,"date":"2024-03-05T13:24:57","date_gmt":"2024-03-05T16:24:57","guid":{"rendered":"https:\/\/www.livrariarema.com.br\/loja\/produtos\/sem categoria\/introducao-ao-grego-biblico-johannes-bergmann\/"},"modified":"2026-02-24T13:51:26","modified_gmt":"2026-02-24T16:51:26","slug":"introducao-ao-grego-biblico-johannes-bergmann","status":"publish","type":"product","link":"https:\/\/www.livrariarema.com.br\/loja\/produtos\/livros\/estudo-biblico\/introducao-ao-grego-biblico-johannes-bergmann\/","title":{"rendered":"Introdu\u00e7\u00e3o Ao Grego B\u00edblico &#8211; Johannes Bergmann"},"content":{"rendered":"<p>H\u00e1 hoje diversos recursos na internet e em aplicativos para smartphones, tablets e computadores que auxiliam o estudo da B\u00edblia em suas l\u00ednguas originais. Mas as informa\u00e7\u00f5es que esses programas oferecem precisam ser compreendidas e interpretadas para que se descubra a riqueza e a profundidade do texto b\u00edblico. Capacitar para essa tarefa \u00e9 um dos objetivos desta Introdu\u00e7\u00e3o ao grego b\u00edblico.<\/p>\n<p>Cada li\u00e7\u00e3o apresenta informa\u00e7\u00f5es gramaticais explicadas para ser facilmente compreendidas, sendo ilustradas com exemplos extra\u00eddos do pr\u00f3prio texto b\u00edblico. Tabelas que resumem o conte\u00fado e exerc\u00edcios propostos para tradu\u00e7\u00e3o ajudam a fixar os conhecimentos adquiridos.<\/p>\n<p>Tamb\u00e9m foram inclu\u00eddos vocabul\u00e1rios com as palavras que ocorrem com mais frequ\u00eancia no Novo Testamento. Como todo estudo da Palavra de Deus deve ser realizado com o objetivo de p\u00f4r em pr\u00e1tica o que Deus diz, cada li\u00e7\u00e3o traz tamb\u00e9m uma se\u00e7\u00e3o para aplicar \u00e0 vida pessoal algo do que foi estudado. Para isso, s\u00e3o utilizadas quest\u00f5es lingu\u00edsticas e sint\u00e1ticas, assim como significados de palavras introduzidas no vocabul\u00e1rio. Esta obra vai al\u00e9m de uma simples gram\u00e1tica de grego para iniciantes. Oferece uma variedade de recursos, tanto para uma melhor compreens\u00e3o e interpreta\u00e7\u00e3o do texto b\u00edblico quanto para a edifica\u00e7\u00e3o pessoal.<\/p>\n","protected":false},"excerpt":{"rendered":"<p>H\u00e1 hoje diversos recursos na internet e em aplicativos para smartphones, tablets e computadores que auxiliam o estudo da B\u00edblia&hellip;<\/p>\n","protected":false},"featured_media":345368,"comment_status":"open","ping_status":"closed","template":"","meta":[],"product_cat":[161,134],"product_tag":[],"_links":{"self":[{"href":"https:\/\/www.livrariarema.com.br\/loja\/wp-json\/wp\/v2\/product\/286776"}],"collection":[{"href":"https:\/\/www.livrariarema.com.br\/loja\/wp-json\/wp\/v2\/product"}],"about":[{"href":"https:\/\/www.livrariarema.com.br\/loja\/wp-json\/wp\/v2\/types\/product"}],"replies":[{"embeddable":true,"href":"https:\/\/www.livrariarema.com.br\/loja\/wp-json\/wp\/v2\/comments?post=286776"}],"wp:featuredmedia":[{"embeddable":true,"href":"https:\/\/www.livrariarema.com.br\/loja\/wp-json\/wp\/v2\/media\/345368"}],"wp:attachment":[{"href":"https:\/\/www.livrariarema.com.br\/loja\/wp-json\/wp\/v2\/media?parent=286776"}],"wp:term":[{"taxonomy":"product_cat","embeddable":true,"href":"https:\/\/www.livrariarema.com.br\/loja\/wp-json\/wp\/v2\/product_cat?post=286776"},{"taxonomy":"product_tag","embeddable":true,"href":"https:\/\/www.livrariarema.com.br\/loja\/wp-json\/wp\/v2\/product_tag?post=286776"}],"curies":[{"name":"wp","href":"https:\/\/api.w.org\/{rel}","templated":true}]}}