{"id":286906,"date":"2024-03-05T17:31:47","date_gmt":"2024-03-05T20:31:47","guid":{"rendered":"https:\/\/www.livrariarema.com.br\/loja\/produtos\/sem categoria\/biblia-nvi-slim-letra-grande-capa-pu-rosa-e-pink\/"},"modified":"2024-03-07T09:24:45","modified_gmt":"2024-03-07T12:24:45","slug":"biblia-nvi-slim-letra-grande-capa-pu-rosa-e-pink","status":"publish","type":"product","link":"https:\/\/www.livrariarema.com.br\/loja\/produtos\/biblias\/revista-corrigida-com-harpa\/biblia-nvi-slim-letra-grande-capa-pu-rosa-e-pink\/","title":{"rendered":"B\u00edblia Nvi &#8211; Slim &#8211; Letra Grande &#8211; Capa Pu &#8211; Rosa E Pink"},"content":{"rendered":"<p>Seu formato slim permite um manuseio confort\u00e1vel e conveniente, tornando-a uma companheira ideal para o dia a dia.<\/p>\n<p>Com um design moderno e elegante, a capa bicolor \u00e9 um atrativo visual por si s\u00f3. Apresenta o texto sagrado na tradu\u00e7\u00e3o Nova Vers\u00e3o Internacional, preservando a riqueza e a majestade das palavras originais, ao mesmo tempo em que oferece uma leitura mais flu\u00edda e acess\u00edvel.<\/p>\n<p>Para auxiliar na compreens\u00e3o dos textos, apresenta a formata\u00e7\u00e3o das palavras de Deus em azul e as palavras de Jesus em vermelho, criando uma experi\u00eancia \u00fanica de leitura.<\/p>\n","protected":false},"excerpt":{"rendered":"<p>Seu formato slim permite um manuseio confort\u00e1vel e conveniente, tornando-a uma companheira ideal para o dia a dia. Com um&hellip;<\/p>\n","protected":false},"featured_media":287184,"comment_status":"open","ping_status":"closed","template":"","meta":[],"product_cat":[139,151],"product_tag":[],"_links":{"self":[{"href":"https:\/\/www.livrariarema.com.br\/loja\/wp-json\/wp\/v2\/product\/286906"}],"collection":[{"href":"https:\/\/www.livrariarema.com.br\/loja\/wp-json\/wp\/v2\/product"}],"about":[{"href":"https:\/\/www.livrariarema.com.br\/loja\/wp-json\/wp\/v2\/types\/product"}],"replies":[{"embeddable":true,"href":"https:\/\/www.livrariarema.com.br\/loja\/wp-json\/wp\/v2\/comments?post=286906"}],"wp:featuredmedia":[{"embeddable":true,"href":"https:\/\/www.livrariarema.com.br\/loja\/wp-json\/wp\/v2\/media\/287184"}],"wp:attachment":[{"href":"https:\/\/www.livrariarema.com.br\/loja\/wp-json\/wp\/v2\/media?parent=286906"}],"wp:term":[{"taxonomy":"product_cat","embeddable":true,"href":"https:\/\/www.livrariarema.com.br\/loja\/wp-json\/wp\/v2\/product_cat?post=286906"},{"taxonomy":"product_tag","embeddable":true,"href":"https:\/\/www.livrariarema.com.br\/loja\/wp-json\/wp\/v2\/product_tag?post=286906"}],"curies":[{"name":"wp","href":"https:\/\/api.w.org\/{rel}","templated":true}]}}