{"id":286910,"date":"2024-03-05T17:32:01","date_gmt":"2024-03-05T20:32:01","guid":{"rendered":"https:\/\/www.livrariarema.com.br\/loja\/produtos\/sem categoria\/biblia-de-estudo-do-homem-sabio-com-harpa-capa-pu-luxo-bordo-e-marrom\/"},"modified":"2025-12-18T14:20:41","modified_gmt":"2025-12-18T17:20:41","slug":"biblia-de-estudo-do-homem-sabio-com-harpa-capa-pu-luxo-bordo-e-marrom","status":"publish","type":"product","link":"https:\/\/www.livrariarema.com.br\/loja\/produtos\/biblias\/estudo\/biblia-de-estudo-do-homem-sabio-com-harpa-capa-pu-luxo-bordo-e-marrom\/","title":{"rendered":"B\u00edblia De Estudo Do Homem S\u00e1bio &#8211; Com Harpa &#8211; Capa Pu Luxo &#8211; Bord\u00f4 E Marrom"},"content":{"rendered":"<p>Se voc\u00ea, homem, busca por um s\u00e1bio companheiro em sua jornada espiritual, a B\u00edblia de Estudo do Homem S\u00e1bio \u00e9 a escolha perfeita.<\/p>\n<p>Cada p\u00e1gina \u00e9 um convite para explorar as profundezas da Palavra de Deus, mergulhando em suas hist\u00f3rias inspiradoras, li\u00e7\u00f5es pr\u00e1ticas e mensagens transformadoras, com abordagem mais clara e simples no que diz respeito \u00e0 sua apresenta\u00e7\u00e3o no momento de explanar o texto.<\/p>\n<p>Ao longo do texto, temos medita\u00e7\u00f5es voltadas \u00e0 sabedoria e cotidiano do homem, assim podemos compreender o verdadeiro sentido interpretativo do texto em quest\u00e3o ao longo de cada tem\u00e1tica b\u00edblica.<\/p>\n<p>Utilizando tamb\u00e9m a linguagem j\u00e1 consagrada pelos mesmos, a tradu\u00e7\u00e3o Jo\u00e3o Ferreira de Almeida Revista e Corrigida, muito utilizada pelos semin\u00e1rios e institui\u00e7\u00f5es de teologia de linha pentecostal.<\/p>\n","protected":false},"excerpt":{"rendered":"<p>Se voc\u00ea, homem, busca por um s\u00e1bio companheiro em sua jornada espiritual, a B\u00edblia de Estudo do Homem S\u00e1bio \u00e9&hellip;<\/p>\n","protected":false},"featured_media":287186,"comment_status":"open","ping_status":"closed","template":"","meta":[],"product_cat":[139,140],"product_tag":[],"_links":{"self":[{"href":"https:\/\/www.livrariarema.com.br\/loja\/wp-json\/wp\/v2\/product\/286910"}],"collection":[{"href":"https:\/\/www.livrariarema.com.br\/loja\/wp-json\/wp\/v2\/product"}],"about":[{"href":"https:\/\/www.livrariarema.com.br\/loja\/wp-json\/wp\/v2\/types\/product"}],"replies":[{"embeddable":true,"href":"https:\/\/www.livrariarema.com.br\/loja\/wp-json\/wp\/v2\/comments?post=286910"}],"wp:featuredmedia":[{"embeddable":true,"href":"https:\/\/www.livrariarema.com.br\/loja\/wp-json\/wp\/v2\/media\/287186"}],"wp:attachment":[{"href":"https:\/\/www.livrariarema.com.br\/loja\/wp-json\/wp\/v2\/media?parent=286910"}],"wp:term":[{"taxonomy":"product_cat","embeddable":true,"href":"https:\/\/www.livrariarema.com.br\/loja\/wp-json\/wp\/v2\/product_cat?post=286910"},{"taxonomy":"product_tag","embeddable":true,"href":"https:\/\/www.livrariarema.com.br\/loja\/wp-json\/wp\/v2\/product_tag?post=286910"}],"curies":[{"name":"wp","href":"https:\/\/api.w.org\/{rel}","templated":true}]}}