{"id":286914,"date":"2024-03-05T17:32:14","date_gmt":"2024-03-05T20:32:14","guid":{"rendered":"https:\/\/www.livrariarema.com.br\/loja\/produtos\/sem categoria\/biblia-com-harpa-slim-letra-grande-capa-pu-semiflexivel-marrom\/"},"modified":"2024-12-23T18:21:03","modified_gmt":"2024-12-23T21:21:03","slug":"biblia-com-harpa-slim-letra-grande-capa-pu-semiflexivel-marrom","status":"publish","type":"product","link":"https:\/\/www.livrariarema.com.br\/loja\/produtos\/biblias\/revista-corrigida-com-harpa\/biblia-com-harpa-slim-letra-grande-capa-pu-semiflexivel-marrom\/","title":{"rendered":"B\u00edblia Com Harpa &#8211; Slim &#8211; Letra Grande &#8211; Capa Pu Semiflex\u00edvel &#8211; Marrom"},"content":{"rendered":"<p>A B\u00edblia Slim \u00e9 uma edi\u00e7\u00e3o pr\u00e1tica da Sagrada Escritura. Com seu design ultrafino, essa B\u00edblia \u00e9 perfeita para aqueles que buscam um formato compacto e port\u00e1til, ideal para levar consigo em todos os lugares.<\/p>\n","protected":false},"excerpt":{"rendered":"<p>A B\u00edblia Slim \u00e9 uma edi\u00e7\u00e3o pr\u00e1tica da Sagrada Escritura. Com seu design ultrafino, essa B\u00edblia \u00e9 perfeita para aqueles&hellip;<\/p>\n","protected":false},"featured_media":287188,"comment_status":"open","ping_status":"closed","template":"","meta":[],"product_cat":[139,151],"product_tag":[],"_links":{"self":[{"href":"https:\/\/www.livrariarema.com.br\/loja\/wp-json\/wp\/v2\/product\/286914"}],"collection":[{"href":"https:\/\/www.livrariarema.com.br\/loja\/wp-json\/wp\/v2\/product"}],"about":[{"href":"https:\/\/www.livrariarema.com.br\/loja\/wp-json\/wp\/v2\/types\/product"}],"replies":[{"embeddable":true,"href":"https:\/\/www.livrariarema.com.br\/loja\/wp-json\/wp\/v2\/comments?post=286914"}],"wp:featuredmedia":[{"embeddable":true,"href":"https:\/\/www.livrariarema.com.br\/loja\/wp-json\/wp\/v2\/media\/287188"}],"wp:attachment":[{"href":"https:\/\/www.livrariarema.com.br\/loja\/wp-json\/wp\/v2\/media?parent=286914"}],"wp:term":[{"taxonomy":"product_cat","embeddable":true,"href":"https:\/\/www.livrariarema.com.br\/loja\/wp-json\/wp\/v2\/product_cat?post=286914"},{"taxonomy":"product_tag","embeddable":true,"href":"https:\/\/www.livrariarema.com.br\/loja\/wp-json\/wp\/v2\/product_tag?post=286914"}],"curies":[{"name":"wp","href":"https:\/\/api.w.org\/{rel}","templated":true}]}}