{"id":286939,"date":"2024-03-05T17:48:22","date_gmt":"2024-03-05T20:48:22","guid":{"rendered":"https:\/\/www.livrariarema.com.br\/loja\/produtos\/sem%20categoria\/biblia-de-estudo-tematica-teologia-sistematica-com-harpa-capa-pu-luxo-preta\/"},"modified":"2024-05-29T09:11:46","modified_gmt":"2024-05-29T12:11:46","slug":"biblia-de-estudo-tematica-teologia-sistematica-com-harpa-capa-pu-luxo-preta","status":"publish","type":"product","link":"https:\/\/www.livrariarema.com.br\/loja\/produtos\/biblias\/estudo-feminina\/biblia-de-estudo-tematica-teologia-sistematica-com-harpa-capa-pu-luxo-preta\/","title":{"rendered":"B\u00edblia De Estudo Tem\u00e1tica Teologia Sistem\u00e1tica &#8211; Com Harpa &#8211; Capa Pu Luxo &#8211;  Preta"},"content":{"rendered":"<p>A &#8220;B\u00edblia de Estudo Tem\u00e1tica | RC | Teologia Sistem\u00e1tica&#8221; \u00e9 uma ferramenta valiosa para aqueles que desejam aprofundar seu conhecimento teol\u00f3gico e compreender as doutrinas da f\u00e9 crist\u00e3. Com os estudos de Herman Bavinck, um renomado te\u00f3logo reformado, essa obra oferece uma perspectiva rica e embasada na Palavra de Deus para o estudo e a aplica\u00e7\u00e3o da teologia sistem\u00e1tica.<\/p>\n","protected":false},"excerpt":{"rendered":"<p>A &#8220;B\u00edblia de Estudo Tem\u00e1tica | RC | Teologia Sistem\u00e1tica&#8221; \u00e9 uma ferramenta valiosa para aqueles que desejam aprofundar seu&hellip;<\/p>\n","protected":false},"featured_media":287191,"comment_status":"open","ping_status":"closed","template":"","meta":[],"product_cat":[139,175],"product_tag":[],"_links":{"self":[{"href":"https:\/\/www.livrariarema.com.br\/loja\/wp-json\/wp\/v2\/product\/286939"}],"collection":[{"href":"https:\/\/www.livrariarema.com.br\/loja\/wp-json\/wp\/v2\/product"}],"about":[{"href":"https:\/\/www.livrariarema.com.br\/loja\/wp-json\/wp\/v2\/types\/product"}],"replies":[{"embeddable":true,"href":"https:\/\/www.livrariarema.com.br\/loja\/wp-json\/wp\/v2\/comments?post=286939"}],"wp:featuredmedia":[{"embeddable":true,"href":"https:\/\/www.livrariarema.com.br\/loja\/wp-json\/wp\/v2\/media\/287191"}],"wp:attachment":[{"href":"https:\/\/www.livrariarema.com.br\/loja\/wp-json\/wp\/v2\/media?parent=286939"}],"wp:term":[{"taxonomy":"product_cat","embeddable":true,"href":"https:\/\/www.livrariarema.com.br\/loja\/wp-json\/wp\/v2\/product_cat?post=286939"},{"taxonomy":"product_tag","embeddable":true,"href":"https:\/\/www.livrariarema.com.br\/loja\/wp-json\/wp\/v2\/product_tag?post=286939"}],"curies":[{"name":"wp","href":"https:\/\/api.w.org\/{rel}","templated":true}]}}