{"id":286947,"date":"2024-03-05T17:48:48","date_gmt":"2024-03-05T20:48:48","guid":{"rendered":"https:\/\/www.livrariarema.com.br\/loja\/produtos\/sem categoria\/bbiblia-de-estudo-tematica-mulheres-da-biblia-com-harpa-capa-pu-luxo-marrom\/"},"modified":"2024-05-29T09:12:19","modified_gmt":"2024-05-29T12:12:19","slug":"bbiblia-de-estudo-tematica-mulheres-da-biblia-com-harpa-capa-pu-luxo-marrom","status":"publish","type":"product","link":"https:\/\/www.livrariarema.com.br\/loja\/produtos\/biblias\/estudo-feminina\/bbiblia-de-estudo-tematica-mulheres-da-biblia-com-harpa-capa-pu-luxo-marrom\/","title":{"rendered":"Bb\u00edblia De Estudo Tem\u00e1tica Mulheres Da B\u00edblia &#8211; Com Harpa &#8211; Capa Pu Luxo &#8211;  Marrom"},"content":{"rendered":"<p>A B\u00edblia de Estudo Tem\u00e1tica | Mulheres da B\u00edblia oferece uma experi\u00eancia \u00fanica de imers\u00e3o na rica heran\u00e7a espiritual das mulheres da B\u00edblia. Com uma compila\u00e7\u00e3o de textos de Abraham Kuyper, renomado te\u00f3logo e pensador crist\u00e3o, esta obra excepcional proporciona uma vis\u00e3o fascinante sobre a vida, o car\u00e1ter e o impacto das mulheres not\u00e1veis &#8203;&#8203;da hist\u00f3ria b\u00edblica.<\/p>\n<p>Com 693 hinos da Harpa Crist\u00e3 inclusive, a B\u00edblia de Estudo Mulheres da B\u00edblia \u00e9 uma fonte abrangente de inspira\u00e7\u00e3o e reflex\u00e3o. Al\u00e9m disso, conta com um \u00edndice dos hinos em ordem alfab\u00e9tica, facilitando a localiza\u00e7\u00e3o dos mesmos atrav\u00e9s da primeira frase de cada hino. As palavras de Jesus s\u00e3o destacadas em negrito, conferindo-lhes um destaque especial.<\/p>\n","protected":false},"excerpt":{"rendered":"<p>A B\u00edblia de Estudo Tem\u00e1tica | Mulheres da B\u00edblia oferece uma experi\u00eancia \u00fanica de imers\u00e3o na rica heran\u00e7a espiritual das&hellip;<\/p>\n","protected":false},"featured_media":287195,"comment_status":"open","ping_status":"closed","template":"","meta":[],"product_cat":[139,175],"product_tag":[],"_links":{"self":[{"href":"https:\/\/www.livrariarema.com.br\/loja\/wp-json\/wp\/v2\/product\/286947"}],"collection":[{"href":"https:\/\/www.livrariarema.com.br\/loja\/wp-json\/wp\/v2\/product"}],"about":[{"href":"https:\/\/www.livrariarema.com.br\/loja\/wp-json\/wp\/v2\/types\/product"}],"replies":[{"embeddable":true,"href":"https:\/\/www.livrariarema.com.br\/loja\/wp-json\/wp\/v2\/comments?post=286947"}],"wp:featuredmedia":[{"embeddable":true,"href":"https:\/\/www.livrariarema.com.br\/loja\/wp-json\/wp\/v2\/media\/287195"}],"wp:attachment":[{"href":"https:\/\/www.livrariarema.com.br\/loja\/wp-json\/wp\/v2\/media?parent=286947"}],"wp:term":[{"taxonomy":"product_cat","embeddable":true,"href":"https:\/\/www.livrariarema.com.br\/loja\/wp-json\/wp\/v2\/product_cat?post=286947"},{"taxonomy":"product_tag","embeddable":true,"href":"https:\/\/www.livrariarema.com.br\/loja\/wp-json\/wp\/v2\/product_tag?post=286947"}],"curies":[{"name":"wp","href":"https:\/\/api.w.org\/{rel}","templated":true}]}}