{"id":287212,"date":"2024-03-07T10:53:32","date_gmt":"2024-03-07T13:53:32","guid":{"rendered":"https:\/\/www.livrariarema.com.br\/loja\/produtos\/sem%20categoria\/lideres-notaveis-romeu-jose-de-assis\/"},"modified":"2025-02-25T17:40:14","modified_gmt":"2025-02-25T20:40:14","slug":"lideres-notaveis-romeu-jose-de-assis","status":"publish","type":"product","link":"https:\/\/www.livrariarema.com.br\/loja\/produtos\/livros\/lideranca\/lideres-notaveis-romeu-jose-de-assis\/","title":{"rendered":"L\u00edderes Not\u00e1veis &#8211; Romeu Jos\u00e9 De Assis"},"content":{"rendered":"<p>\u00c9 natural ao ser humano ter curiosidade para saber o que uma pessoa bem-sucedida fez que levou a subir no podium.<\/p>\n<p>Tomado por essa ideia, o autor &#8220;caminhou&#8221; pela trilha de in\u00fameros l\u00edderes dos tempos b\u00edblicos. Constatou que fizeram coisas maravilhosas e que ainda s\u00e3o fontes de aprendizado. Deixaram legados que se prestam aos nossos dias, a considerar que a ess\u00eancia do ser humano continua intoc\u00e1vel.<\/p>\n<p>O rei Saul, por exemplo, foi um l\u00edder t\u00f3xico, semelhante a muitos l\u00edderes da atualidade que provocam constrangimentos e rotatividade de pessoal; Jetro, um sacerdote observador que modelou princ\u00edpios de lideran\u00e7a que ajudaram Mois\u00e9s a recrutar e desenvolver milhares de l\u00edderes na condu\u00e7\u00e3o do povo \u00e0 Terra Prometida; Jesus Cristo treinou doze homens que deram continuidade \u00e0 Sua Igreja &#8211; a mais antiga institui\u00e7\u00e3o da humanidade &#8211; e que ainda continua em atividade, dois mil anos depois.<\/p>\n<p>Venha conhecer suas li\u00e7\u00f5es de vida, que ajudar\u00e3o voc\u00ea, em muito, a melhorar sua lideran\u00e7a e sua organiza\u00e7\u00e3o.<\/p>\n","protected":false},"excerpt":{"rendered":"<p>\u00c9 natural ao ser humano ter curiosidade para saber o que uma pessoa bem-sucedida fez que levou a subir no&hellip;<\/p>\n","protected":false},"featured_media":319274,"comment_status":"open","ping_status":"closed","template":"","meta":[],"product_cat":[153,134],"product_tag":[],"_links":{"self":[{"href":"https:\/\/www.livrariarema.com.br\/loja\/wp-json\/wp\/v2\/product\/287212"}],"collection":[{"href":"https:\/\/www.livrariarema.com.br\/loja\/wp-json\/wp\/v2\/product"}],"about":[{"href":"https:\/\/www.livrariarema.com.br\/loja\/wp-json\/wp\/v2\/types\/product"}],"replies":[{"embeddable":true,"href":"https:\/\/www.livrariarema.com.br\/loja\/wp-json\/wp\/v2\/comments?post=287212"}],"wp:featuredmedia":[{"embeddable":true,"href":"https:\/\/www.livrariarema.com.br\/loja\/wp-json\/wp\/v2\/media\/319274"}],"wp:attachment":[{"href":"https:\/\/www.livrariarema.com.br\/loja\/wp-json\/wp\/v2\/media?parent=287212"}],"wp:term":[{"taxonomy":"product_cat","embeddable":true,"href":"https:\/\/www.livrariarema.com.br\/loja\/wp-json\/wp\/v2\/product_cat?post=287212"},{"taxonomy":"product_tag","embeddable":true,"href":"https:\/\/www.livrariarema.com.br\/loja\/wp-json\/wp\/v2\/product_tag?post=287212"}],"curies":[{"name":"wp","href":"https:\/\/api.w.org\/{rel}","templated":true}]}}