{"id":289186,"date":"2024-03-27T18:24:21","date_gmt":"2024-03-27T21:24:21","guid":{"rendered":"https:\/\/www.livrariarema.com.br\/loja\/produtos\/sem categoria\/na065e-biblia-de-estudo-naa-portatil-preta\/"},"modified":"2025-12-08T13:03:32","modified_gmt":"2025-12-08T16:03:32","slug":"na065e-biblia-de-estudo-naa-portatil-preta","status":"publish","type":"product","link":"https:\/\/www.livrariarema.com.br\/loja\/produtos\/biblias\/estudo\/na065e-biblia-de-estudo-naa-portatil-preta\/","title":{"rendered":"Na065e &#8211; B\u00edblia De Estudo Naa &#8211; Port\u00e1til &#8211; Preta"},"content":{"rendered":"<p>Elaborada por uma equipe de quase 100 especialistas, incluindo acad\u00eamicos, professores e pastores, a B\u00edblia de Estudo NAA \u00e9 uma das mais completas B\u00edblias de Estudo j\u00e1 publicadas no Brasil. Ela complementa a leitura do texto b\u00edblico na Nova Almeida Atualizada, uma tradu\u00e7\u00e3o lan\u00e7ada em 2017 pela SBB, com o que h\u00e1 de melhor e mais recente no campo dos estudos teol\u00f3gicos e cient\u00edficos sobre as Escrituras e seu contexto original.<\/p>\n","protected":false},"excerpt":{"rendered":"<p>Elaborada por uma equipe de quase 100 especialistas, incluindo acad\u00eamicos, professores e pastores, a B\u00edblia de Estudo NAA \u00e9 uma&hellip;<\/p>\n","protected":false},"featured_media":342220,"comment_status":"open","ping_status":"closed","template":"","meta":[],"product_cat":[139,140],"product_tag":[],"_links":{"self":[{"href":"https:\/\/www.livrariarema.com.br\/loja\/wp-json\/wp\/v2\/product\/289186"}],"collection":[{"href":"https:\/\/www.livrariarema.com.br\/loja\/wp-json\/wp\/v2\/product"}],"about":[{"href":"https:\/\/www.livrariarema.com.br\/loja\/wp-json\/wp\/v2\/types\/product"}],"replies":[{"embeddable":true,"href":"https:\/\/www.livrariarema.com.br\/loja\/wp-json\/wp\/v2\/comments?post=289186"}],"wp:featuredmedia":[{"embeddable":true,"href":"https:\/\/www.livrariarema.com.br\/loja\/wp-json\/wp\/v2\/media\/342220"}],"wp:attachment":[{"href":"https:\/\/www.livrariarema.com.br\/loja\/wp-json\/wp\/v2\/media?parent=289186"}],"wp:term":[{"taxonomy":"product_cat","embeddable":true,"href":"https:\/\/www.livrariarema.com.br\/loja\/wp-json\/wp\/v2\/product_cat?post=289186"},{"taxonomy":"product_tag","embeddable":true,"href":"https:\/\/www.livrariarema.com.br\/loja\/wp-json\/wp\/v2\/product_tag?post=289186"}],"curies":[{"name":"wp","href":"https:\/\/api.w.org\/{rel}","templated":true}]}}