{"id":289266,"date":"2024-03-28T09:01:41","date_gmt":"2024-03-28T12:01:41","guid":{"rendered":"https:\/\/www.livrariarema.com.br\/loja\/produtos\/sem categoria\/biblia-de-estudo-max-lucado-capa-verde\/"},"modified":"2026-03-03T15:30:46","modified_gmt":"2026-03-03T18:30:46","slug":"biblia-de-estudo-max-lucado-capa-verde","status":"publish","type":"product","link":"https:\/\/www.livrariarema.com.br\/loja\/produtos\/biblias\/estudo\/biblia-de-estudo-max-lucado-capa-verde\/","title":{"rendered":"B\u00edblia De Estudo Max Lucado &#8211; Capa Verde"},"content":{"rendered":"<p>Diversas hist\u00f3rias, muitos personagens, um plano de reden\u00e7\u00e3o&#8230;<BR><br \/>\n<BR><br \/>\nA B\u00edblia de Estudo Max Lucado \u00e9 a B\u00edblia perfeita para quem deseja ter uma vida mais profunda com Deus e com sua Palavra. Ao abrir este livro, voc\u00ea encontrar\u00e1 hist\u00f3rias de sociedades sendo formadas, reinos conquistados e pessoas simples capacitadas por Deus para sua obra. Folheie algumas p\u00e1ginas e encontre poesias e romances. Avance mais um pouo e depare com o personagem principal de toda essa narrativa.<BR><br \/>\n<BR><br \/>\nS\u00e3o hist\u00f3rias de f\u00e9, milagres, pecados e miseric\u00f3rdias. Pessoas reais, com alegrias e problemas verdadeiros e &#8211; principalmente &#8211; um Salvador real. Com a ajuda de notas e artigos de Max Lucado, o leitor se aprofundar\u00e1 nas verdades eternas deste livro.<br \/>\n<BR><BR><br \/>\nEntre as ferramentas da B\u00edblia de Estudo Max Lucado, est\u00e3o:<BR><br \/>\n<BR><br \/>\n* Li\u00e7\u00f5es para a vida: coment\u00e1rios laterais ao longo de toda a B\u00edblia que contextualizam a passagem e ajudam o leitor a aplicar o texto \u00e0 sua vida;<BR><br \/>\n<BR><br \/>\n* Pessoas da Palavra: textos voltados para o encorajamento por meio de li\u00e7\u00f5es e da biografia dos principais personagens b\u00edblicos;<BR><br \/>\n<BR><br \/>\n* Jesus ao longo da B\u00edblia: artigos que o ajudar\u00e3o a compreender que a B\u00edblia trata de uma \u00fanica hist\u00f3ria: o plano de salva\u00e7\u00e3o de Deus e o cumprimento desse plano de Jesus;<BR><br \/>\n<BR><br \/>\n* \u00c0 imagem de Cristo: boxes que acompanham o plano de salva\u00e7\u00e3o ao longo de toda a Escritura, apontam para a vida e minist\u00e9rio de Jesus e s\u00e3o um chamado ao discipulado;<BR><br \/>\n<BR><br \/>\n* Um devocional de 30 dias ao final da B\u00edblia;<BR><br \/>\n<BR><br \/>\n*Plano de leitura de toda a B\u00edblia<BR><br \/>\n<BR><br \/>\n* Fonte Leitura Perfeita: uma tipologia exclusiva que integra os melhores avan\u00e7os em tipografia de B\u00edblias modernas.<BR><\/p>\n","protected":false},"excerpt":{"rendered":"<p>Diversas hist\u00f3rias, muitos personagens, um plano de reden\u00e7\u00e3o&#8230; A B\u00edblia de Estudo Max Lucado \u00e9 a B\u00edblia perfeita para quem&hellip;<\/p>\n","protected":false},"featured_media":345268,"comment_status":"open","ping_status":"closed","template":"","meta":[],"product_cat":[139,140],"product_tag":[],"_links":{"self":[{"href":"https:\/\/www.livrariarema.com.br\/loja\/wp-json\/wp\/v2\/product\/289266"}],"collection":[{"href":"https:\/\/www.livrariarema.com.br\/loja\/wp-json\/wp\/v2\/product"}],"about":[{"href":"https:\/\/www.livrariarema.com.br\/loja\/wp-json\/wp\/v2\/types\/product"}],"replies":[{"embeddable":true,"href":"https:\/\/www.livrariarema.com.br\/loja\/wp-json\/wp\/v2\/comments?post=289266"}],"wp:featuredmedia":[{"embeddable":true,"href":"https:\/\/www.livrariarema.com.br\/loja\/wp-json\/wp\/v2\/media\/345268"}],"wp:attachment":[{"href":"https:\/\/www.livrariarema.com.br\/loja\/wp-json\/wp\/v2\/media?parent=289266"}],"wp:term":[{"taxonomy":"product_cat","embeddable":true,"href":"https:\/\/www.livrariarema.com.br\/loja\/wp-json\/wp\/v2\/product_cat?post=289266"},{"taxonomy":"product_tag","embeddable":true,"href":"https:\/\/www.livrariarema.com.br\/loja\/wp-json\/wp\/v2\/product_tag?post=289266"}],"curies":[{"name":"wp","href":"https:\/\/api.w.org\/{rel}","templated":true}]}}