{"id":289269,"date":"2024-03-28T09:02:03","date_gmt":"2024-03-28T12:02:03","guid":{"rendered":"https:\/\/www.livrariarema.com.br\/loja\/produtos\/sem categoria\/biblia-leitura-perfeita-nvi-ziper-couro-soft-rosa\/"},"modified":"2026-04-01T14:42:08","modified_gmt":"2026-04-01T17:42:08","slug":"biblia-leitura-perfeita-nvi-ziper-couro-soft-rosa","status":"publish","type":"product","link":"https:\/\/www.livrariarema.com.br\/loja\/produtos\/biblias\/nvi\/biblia-leitura-perfeita-nvi-ziper-couro-soft-rosa\/","title":{"rendered":"B\u00edblia Leitura Perfeita &#8211; Nvi &#8211; Z\u00edper &#8211; Couro Soft &#8211; Rosa"},"content":{"rendered":"<p>B\u00edblia NVI, Couro soft, Letras de Jesus em vermelho, Rosa acabamento com z\u00edper \u00e9 a escolha perfeita pra quem quer uma NVI com letra normal, sem abrir m\u00e3o de uma capa vers\u00e1til e estilosa com z\u00edper. A linguagem NVI (Nova Vers\u00e3o Internacional) \u00e9 baseada nos seguintes fundamentos: precis\u00e3o, beleza de estilo, clareza e dignidade, trazendo uma vers\u00e3o ao mesmo tempo fiel e contempor\u00e2nea. Ela conta, ainda, com as letras de Jesus destacadas em vermelho.<br \/>\nNela, voc\u00ea encontrar\u00e1 ainda a fonte Leitura Perfeita. Desenvolvida exclusivamente para a Thomas Nelson Brasil, a Leitura Perfeita \u00e9 uma fonte singular, moderna, bonita, clara e leg\u00edvel, ao mesmo tempo em que integra os melhores avan\u00e7os em tipografia de b\u00edblias modernas. O resultado \u00e9 uma tipologia que traz total conforto na leitura em qualquer tamanho.<\/p>\n","protected":false},"excerpt":{"rendered":"<p>B\u00edblia NVI, Couro soft, Letras de Jesus em vermelho, Rosa acabamento com z\u00edper \u00e9 a escolha perfeita pra quem quer&hellip;<\/p>\n","protected":false},"featured_media":345769,"comment_status":"open","ping_status":"closed","template":"","meta":[],"product_cat":[139,166],"product_tag":[],"_links":{"self":[{"href":"https:\/\/www.livrariarema.com.br\/loja\/wp-json\/wp\/v2\/product\/289269"}],"collection":[{"href":"https:\/\/www.livrariarema.com.br\/loja\/wp-json\/wp\/v2\/product"}],"about":[{"href":"https:\/\/www.livrariarema.com.br\/loja\/wp-json\/wp\/v2\/types\/product"}],"replies":[{"embeddable":true,"href":"https:\/\/www.livrariarema.com.br\/loja\/wp-json\/wp\/v2\/comments?post=289269"}],"wp:featuredmedia":[{"embeddable":true,"href":"https:\/\/www.livrariarema.com.br\/loja\/wp-json\/wp\/v2\/media\/345769"}],"wp:attachment":[{"href":"https:\/\/www.livrariarema.com.br\/loja\/wp-json\/wp\/v2\/media?parent=289269"}],"wp:term":[{"taxonomy":"product_cat","embeddable":true,"href":"https:\/\/www.livrariarema.com.br\/loja\/wp-json\/wp\/v2\/product_cat?post=289269"},{"taxonomy":"product_tag","embeddable":true,"href":"https:\/\/www.livrariarema.com.br\/loja\/wp-json\/wp\/v2\/product_tag?post=289269"}],"curies":[{"name":"wp","href":"https:\/\/api.w.org\/{rel}","templated":true}]}}