{"id":289301,"date":"2024-03-28T09:39:05","date_gmt":"2024-03-28T12:39:05","guid":{"rendered":"https:\/\/www.livrariarema.com.br\/loja\/produtos\/sem categoria\/biblia-nvi-capa-dura-economica-neutra-urbana\/"},"modified":"2026-02-24T12:22:30","modified_gmt":"2026-02-24T15:22:30","slug":"biblia-nvi-capa-dura-economica-neutra-urbana","status":"publish","type":"product","link":"https:\/\/www.livrariarema.com.br\/loja\/produtos\/biblias\/nvi\/biblia-nvi-capa-dura-economica-neutra-urbana\/","title":{"rendered":"B\u00edblia &#8211; Nvi &#8211; Capa Dura &#8211; Econ\u00f4mica &#8211; Neutra &#8211; Urbana"},"content":{"rendered":"<p>Bom gosto, estilo e acessibilidade!<br \/>\nModerna e vers\u00e1til como voc\u00ea, esta B\u00edblia NVI \u00e9 incr\u00edvel, tem a qualidade Thomas Nelson Brasil e o miolo econ\u00f4mico. Com certeza essa B\u00edblia faz o seu estilo. Ela \u00e9 ideal para levar para qualquer lugar, para usar em evangelismos ou para presentear sua c\u00e9lula ou pequeno grupo.<br \/>\nPossui linguagem NVI (Nova Vers\u00e3o Internacional) que \u00e9 baseada nos seguintes fundamentos: precis\u00e3o, beleza de estilo, clareza e dignidade, trazendo uma vers\u00e3o ao mesmo tempo fiel e contempor\u00e2nea.<\/p>\n<p>Caracter\u00edsticas:<br \/>\nTexto na tradu\u00e7\u00e3o NVI (Nova Vers\u00e3o Internacional)<br \/>\nCapa dura<br \/>\nMiolo econ\u00f4mico<br \/>\nLombada costurada para total abertura<br \/>\nLamina\u00e7\u00e3o fosca e verniz localizado<\/p>\n","protected":false},"excerpt":{"rendered":"<p>Bom gosto, estilo e acessibilidade! Moderna e vers\u00e1til como voc\u00ea, esta B\u00edblia NVI \u00e9 incr\u00edvel, tem a qualidade Thomas Nelson&hellip;<\/p>\n","protected":false},"featured_media":345302,"comment_status":"open","ping_status":"closed","template":"","meta":[],"product_cat":[139,166],"product_tag":[],"_links":{"self":[{"href":"https:\/\/www.livrariarema.com.br\/loja\/wp-json\/wp\/v2\/product\/289301"}],"collection":[{"href":"https:\/\/www.livrariarema.com.br\/loja\/wp-json\/wp\/v2\/product"}],"about":[{"href":"https:\/\/www.livrariarema.com.br\/loja\/wp-json\/wp\/v2\/types\/product"}],"replies":[{"embeddable":true,"href":"https:\/\/www.livrariarema.com.br\/loja\/wp-json\/wp\/v2\/comments?post=289301"}],"wp:featuredmedia":[{"embeddable":true,"href":"https:\/\/www.livrariarema.com.br\/loja\/wp-json\/wp\/v2\/media\/345302"}],"wp:attachment":[{"href":"https:\/\/www.livrariarema.com.br\/loja\/wp-json\/wp\/v2\/media?parent=289301"}],"wp:term":[{"taxonomy":"product_cat","embeddable":true,"href":"https:\/\/www.livrariarema.com.br\/loja\/wp-json\/wp\/v2\/product_cat?post=289301"},{"taxonomy":"product_tag","embeddable":true,"href":"https:\/\/www.livrariarema.com.br\/loja\/wp-json\/wp\/v2\/product_tag?post=289301"}],"curies":[{"name":"wp","href":"https:\/\/api.w.org\/{rel}","templated":true}]}}