{"id":289305,"date":"2024-03-28T09:39:18","date_gmt":"2024-03-28T12:39:18","guid":{"rendered":"https:\/\/www.livrariarema.com.br\/loja\/produtos\/sem categoria\/biblia-leitura-perfeita-nvi-ziper-couro-soft-emborrachado-ele-nao-esta-mais-aqui-cinza\/"},"modified":"2025-05-06T17:19:49","modified_gmt":"2025-05-06T20:19:49","slug":"biblia-leitura-perfeita-nvi-ziper-couro-soft-emborrachado-ele-nao-esta-mais-aqui-cinza","status":"publish","type":"product","link":"https:\/\/www.livrariarema.com.br\/loja\/produtos\/biblias\/nvi\/biblia-leitura-perfeita-nvi-ziper-couro-soft-emborrachado-ele-nao-esta-mais-aqui-cinza\/","title":{"rendered":"B\u00edblia Leitura Perfeita &#8211; Nvi &#8211; Z\u00edper &#8211; Couro Soft Emborrachado &#8211; Ele N\u00e3o Est\u00e1 Mais Aqui &#8211; Cinza"},"content":{"rendered":"<p>Parte da cole\u00e7\u00e3o de B\u00edblias A promessa, a capa Ele n\u00e3o est\u00e1 mais aqui nos relembra o momento mais triunfante de Jesus: o cumprimento da promessa divina por meio de sua ressurei\u00e7\u00e3o e a vinda das boas-novas.<br \/>\nConta com uma capa em couro soft cinza, desenho em baixo relevo e um toque especial em hot stamp. Seu grande diferencial \u00e9 o fechamento em z\u00edper, que traz conforto e praticidade para lev\u00e1-la a qualquer lugar, seja na igreja ou para carregar na bolsa no dia a dia. Al\u00e9m disso, seu texto est\u00e1 na vers\u00e3o NVI (Nova Vers\u00e3o Internacional), que se baseia na precis\u00e3o, clareza e uma abordagem contempor\u00e2nea e, ao mesmo, fiel ao texto original. Nela, voc\u00ea encontrar\u00e1 ainda a fonte Leitura Perfeita. Desenvolvida exclusivamente para a Thomas Nelson Brasil, a Leitura Perfeita \u00e9 uma fonte singular, moderna, bonita, clara e leg\u00edvel, ao mesmo tempo em que integra os melhores avan\u00e7os em tipografia de b\u00edblias modernas. O resultado \u00e9 uma tipologia que traz total conforto na leitura em qualquer tamanho<\/p>\n<p>Adquira a B\u00edblia Ele n\u00e3o est\u00e1 mais aqui e tenha a palavra de Deus contigo todos os dias!<\/p>\n","protected":false},"excerpt":{"rendered":"<p>Parte da cole\u00e7\u00e3o de B\u00edblias A promessa, a capa Ele n\u00e3o est\u00e1 mais aqui nos relembra o momento mais triunfante&hellip;<\/p>\n","protected":false},"featured_media":330647,"comment_status":"open","ping_status":"closed","template":"","meta":[],"product_cat":[139,166],"product_tag":[],"_links":{"self":[{"href":"https:\/\/www.livrariarema.com.br\/loja\/wp-json\/wp\/v2\/product\/289305"}],"collection":[{"href":"https:\/\/www.livrariarema.com.br\/loja\/wp-json\/wp\/v2\/product"}],"about":[{"href":"https:\/\/www.livrariarema.com.br\/loja\/wp-json\/wp\/v2\/types\/product"}],"replies":[{"embeddable":true,"href":"https:\/\/www.livrariarema.com.br\/loja\/wp-json\/wp\/v2\/comments?post=289305"}],"wp:featuredmedia":[{"embeddable":true,"href":"https:\/\/www.livrariarema.com.br\/loja\/wp-json\/wp\/v2\/media\/330647"}],"wp:attachment":[{"href":"https:\/\/www.livrariarema.com.br\/loja\/wp-json\/wp\/v2\/media?parent=289305"}],"wp:term":[{"taxonomy":"product_cat","embeddable":true,"href":"https:\/\/www.livrariarema.com.br\/loja\/wp-json\/wp\/v2\/product_cat?post=289305"},{"taxonomy":"product_tag","embeddable":true,"href":"https:\/\/www.livrariarema.com.br\/loja\/wp-json\/wp\/v2\/product_tag?post=289305"}],"curies":[{"name":"wp","href":"https:\/\/api.w.org\/{rel}","templated":true}]}}